{"id":14984,"date":"2023-08-10T16:42:53","date_gmt":"2023-08-10T14:42:53","guid":{"rendered":"https:\/\/www.powens.com\/?page_id=14984"},"modified":"2024-09-16T18:27:27","modified_gmt":"2024-09-16T16:27:27","slug":"traitement-des-donnees-financieres","status":"publish","type":"page","link":"https:\/\/www.powens.com\/fr\/produits\/traitement-des-donnees-financieres\/","title":{"rendered":"Traitement des donn\u00e9es financi\u00e8res"},"content":{"rendered":"","protected":false},"excerpt":{"rendered":"","protected":false},"author":25,"featured_media":0,"parent":7964,"menu_order":0,"comment_status":"closed","ping_status":"closed","template":"","meta":{"_acf_changed":false,"inline_featured_image":false,"footnotes":""},"class_list":["post-14984","page","type-page","status-publish","hentry"],"acf":[],"yoast_head":"<!-- This site is optimized with the Yoast SEO Premium plugin v27.2 (Yoast SEO v27.2) - https:\/\/yoast.com\/product\/yoast-seo-premium-wordpress\/ -->\n<title>Traitement des donn\u00e9es financi\u00e8res - Powens<\/title>\n<meta name=\"description\" content=\"Nos solutions de traitement de donn\u00e9es permettent \u00e0 plus de 260 grandes entreprises de services financiers d&#039;automatiser les processus, d&#039;am\u00e9liorer la gestion des risques, de r\u00e9duire le d\u00e9lai de prise de d\u00e9cision et d&#039;enrichir la compr\u00e9hension des clients.\" \/>\n<meta name=\"robots\" content=\"index, follow, max-snippet:-1, max-image-preview:large, max-video-preview:-1\" \/>\n<link rel=\"canonical\" href=\"https:\/\/www.powens.com\/fr\/produits\/traitement-des-donnees-financieres\/\" \/>\n<meta property=\"og:locale\" content=\"fr_FR\" \/>\n<meta property=\"og:type\" content=\"article\" \/>\n<meta property=\"og:title\" content=\"Traitement des donn\u00e9es financi\u00e8res\" \/>\n<meta property=\"og:description\" content=\"Nos solutions de traitement de donn\u00e9es permettent \u00e0 plus de 260 grandes entreprises de services financiers d&#039;automatiser les processus, d&#039;am\u00e9liorer la gestion des risques, de r\u00e9duire le d\u00e9lai de prise de d\u00e9cision et d&#039;enrichir la compr\u00e9hension des clients.\" \/>\n<meta property=\"og:url\" content=\"https:\/\/www.powens.com\/fr\/produits\/traitement-des-donnees-financieres\/\" \/>\n<meta property=\"og:site_name\" content=\"Powens\" \/>\n<meta property=\"article:modified_time\" content=\"2024-09-16T16:27:27+00:00\" \/>\n<meta property=\"og:image\" content=\"https:\/\/www.powens.com\/wp-content\/uploads\/2023\/02\/Article-BANK.jpg\" \/>\n\t<meta property=\"og:image:width\" content=\"1499\" \/>\n\t<meta property=\"og:image:height\" content=\"982\" \/>\n\t<meta property=\"og:image:type\" content=\"image\/jpeg\" \/>\n<meta name=\"twitter:card\" content=\"summary_large_image\" \/>\n<meta name=\"twitter:site\" content=\"@Powens_eu\" \/>\n<meta name=\"twitter:label1\" content=\"Dur\u00e9e de lecture estim\u00e9e\" \/>\n\t<meta name=\"twitter:data1\" content=\"6 minutes\" \/>\n<script type=\"application\/ld+json\" class=\"yoast-schema-graph\">{\"@context\":\"https:\/\/schema.org\",\"@graph\":[{\"@type\":\"WebPage\",\"@id\":\"https:\/\/www.powens.com\/fr\/produits\/traitement-des-donnees-financieres\/\",\"url\":\"https:\/\/www.powens.com\/fr\/produits\/traitement-des-donnees-financieres\/\",\"name\":\"Traitement des donn\u00e9es financi\u00e8res - Powens\",\"isPartOf\":{\"@id\":\"https:\/\/www.powens.com\/fr\/#website\"},\"datePublished\":\"2023-08-10T14:42:53+00:00\",\"dateModified\":\"2024-09-16T16:27:27+00:00\",\"description\":\"Nos solutions de traitement de donn\u00e9es permettent \u00e0 plus de 260 grandes entreprises de services financiers d'automatiser les processus, d'am\u00e9liorer la gestion des risques, de r\u00e9duire le d\u00e9lai de prise de d\u00e9cision et d'enrichir la compr\u00e9hension des clients.\",\"breadcrumb\":{\"@id\":\"https:\/\/www.powens.com\/fr\/produits\/traitement-des-donnees-financieres\/#breadcrumb\"},\"inLanguage\":\"fr-FR\",\"potentialAction\":[{\"@type\":\"ReadAction\",\"target\":[\"https:\/\/www.powens.com\/fr\/produits\/traitement-des-donnees-financieres\/\"]}]},{\"@type\":\"BreadcrumbList\",\"@id\":\"https:\/\/www.powens.com\/fr\/produits\/traitement-des-donnees-financieres\/#breadcrumb\",\"itemListElement\":[{\"@type\":\"ListItem\",\"position\":1,\"name\":\"Home\",\"item\":\"https:\/\/www.powens.com\/fr\/\"},{\"@type\":\"ListItem\",\"position\":2,\"name\":\"Produits\",\"item\":\"https:\/\/www.powens.com\/fr\/produits\/\"},{\"@type\":\"ListItem\",\"position\":3,\"name\":\"Traitement des donn\u00e9es financi\u00e8res\"}]},{\"@type\":\"WebSite\",\"@id\":\"https:\/\/www.powens.com\/fr\/#website\",\"url\":\"https:\/\/www.powens.com\/fr\/\",\"name\":\"Powens\",\"description\":\"Where Open Finance Meets Embedded Banking\",\"publisher\":{\"@id\":\"https:\/\/www.powens.com\/fr\/#organization\"},\"potentialAction\":[{\"@type\":\"SearchAction\",\"target\":{\"@type\":\"EntryPoint\",\"urlTemplate\":\"https:\/\/www.powens.com\/fr\/?s={search_term_string}\"},\"query-input\":{\"@type\":\"PropertyValueSpecification\",\"valueRequired\":true,\"valueName\":\"search_term_string\"}}],\"inLanguage\":\"fr-FR\"},{\"@type\":\"Organization\",\"@id\":\"https:\/\/www.powens.com\/fr\/#organization\",\"name\":\"Powens\",\"url\":\"https:\/\/www.powens.com\/fr\/\",\"logo\":{\"@type\":\"ImageObject\",\"inLanguage\":\"fr-FR\",\"@id\":\"https:\/\/www.powens.com\/fr\/#\/schema\/logo\/image\/\",\"url\":\"https:\/\/www.powens.com\/wp-content\/uploads\/2022\/10\/Temporary_powens_logo_Gradient.svg\",\"contentUrl\":\"https:\/\/www.powens.com\/wp-content\/uploads\/2022\/10\/Temporary_powens_logo_Gradient.svg\",\"width\":1,\"height\":1,\"caption\":\"Powens\"},\"image\":{\"@id\":\"https:\/\/www.powens.com\/fr\/#\/schema\/logo\/image\/\"},\"sameAs\":[\"https:\/\/x.com\/Powens_eu\",\"https:\/\/www.linkedin.com\/company\/powens\/\"]}]}<\/script>\n<!-- \/ Yoast SEO Premium plugin. -->","yoast_head_json":{"title":"Traitement des donn\u00e9es financi\u00e8res - Powens","description":"Nos solutions de traitement de donn\u00e9es permettent \u00e0 plus de 260 grandes entreprises de services financiers d'automatiser les processus, d'am\u00e9liorer la gestion des risques, de r\u00e9duire le d\u00e9lai de prise de d\u00e9cision et d'enrichir la compr\u00e9hension des clients.","robots":{"index":"index","follow":"follow","max-snippet":"max-snippet:-1","max-image-preview":"max-image-preview:large","max-video-preview":"max-video-preview:-1"},"canonical":"https:\/\/www.powens.com\/fr\/produits\/traitement-des-donnees-financieres\/","og_locale":"fr_FR","og_type":"article","og_title":"Traitement des donn\u00e9es financi\u00e8res","og_description":"Nos solutions de traitement de donn\u00e9es permettent \u00e0 plus de 260 grandes entreprises de services financiers d'automatiser les processus, d'am\u00e9liorer la gestion des risques, de r\u00e9duire le d\u00e9lai de prise de d\u00e9cision et d'enrichir la compr\u00e9hension des clients.","og_url":"https:\/\/www.powens.com\/fr\/produits\/traitement-des-donnees-financieres\/","og_site_name":"Powens","article_modified_time":"2024-09-16T16:27:27+00:00","og_image":[{"width":1499,"height":982,"url":"https:\/\/www.powens.com\/wp-content\/uploads\/2023\/02\/Article-BANK.jpg","type":"image\/jpeg"}],"twitter_card":"summary_large_image","twitter_site":"@Powens_eu","twitter_misc":{"Dur\u00e9e de lecture estim\u00e9e":"6 minutes"},"schema":{"@context":"https:\/\/schema.org","@graph":[{"@type":"WebPage","@id":"https:\/\/www.powens.com\/fr\/produits\/traitement-des-donnees-financieres\/","url":"https:\/\/www.powens.com\/fr\/produits\/traitement-des-donnees-financieres\/","name":"Traitement des donn\u00e9es financi\u00e8res - Powens","isPartOf":{"@id":"https:\/\/www.powens.com\/fr\/#website"},"datePublished":"2023-08-10T14:42:53+00:00","dateModified":"2024-09-16T16:27:27+00:00","description":"Nos solutions de traitement de donn\u00e9es permettent \u00e0 plus de 260 grandes entreprises de services financiers d'automatiser les processus, d'am\u00e9liorer la gestion des risques, de r\u00e9duire le d\u00e9lai de prise de d\u00e9cision et d'enrichir la compr\u00e9hension des clients.","breadcrumb":{"@id":"https:\/\/www.powens.com\/fr\/produits\/traitement-des-donnees-financieres\/#breadcrumb"},"inLanguage":"fr-FR","potentialAction":[{"@type":"ReadAction","target":["https:\/\/www.powens.com\/fr\/produits\/traitement-des-donnees-financieres\/"]}]},{"@type":"BreadcrumbList","@id":"https:\/\/www.powens.com\/fr\/produits\/traitement-des-donnees-financieres\/#breadcrumb","itemListElement":[{"@type":"ListItem","position":1,"name":"Home","item":"https:\/\/www.powens.com\/fr\/"},{"@type":"ListItem","position":2,"name":"Produits","item":"https:\/\/www.powens.com\/fr\/produits\/"},{"@type":"ListItem","position":3,"name":"Traitement des donn\u00e9es financi\u00e8res"}]},{"@type":"WebSite","@id":"https:\/\/www.powens.com\/fr\/#website","url":"https:\/\/www.powens.com\/fr\/","name":"Powens","description":"Where Open Finance Meets Embedded Banking","publisher":{"@id":"https:\/\/www.powens.com\/fr\/#organization"},"potentialAction":[{"@type":"SearchAction","target":{"@type":"EntryPoint","urlTemplate":"https:\/\/www.powens.com\/fr\/?s={search_term_string}"},"query-input":{"@type":"PropertyValueSpecification","valueRequired":true,"valueName":"search_term_string"}}],"inLanguage":"fr-FR"},{"@type":"Organization","@id":"https:\/\/www.powens.com\/fr\/#organization","name":"Powens","url":"https:\/\/www.powens.com\/fr\/","logo":{"@type":"ImageObject","inLanguage":"fr-FR","@id":"https:\/\/www.powens.com\/fr\/#\/schema\/logo\/image\/","url":"https:\/\/www.powens.com\/wp-content\/uploads\/2022\/10\/Temporary_powens_logo_Gradient.svg","contentUrl":"https:\/\/www.powens.com\/wp-content\/uploads\/2022\/10\/Temporary_powens_logo_Gradient.svg","width":1,"height":1,"caption":"Powens"},"image":{"@id":"https:\/\/www.powens.com\/fr\/#\/schema\/logo\/image\/"},"sameAs":["https:\/\/x.com\/Powens_eu","https:\/\/www.linkedin.com\/company\/powens\/"]}]}},"_links":{"self":[{"href":"https:\/\/www.powens.com\/fr\/wp-json\/wp\/v2\/pages\/14984","targetHints":{"allow":["GET"]}}],"collection":[{"href":"https:\/\/www.powens.com\/fr\/wp-json\/wp\/v2\/pages"}],"about":[{"href":"https:\/\/www.powens.com\/fr\/wp-json\/wp\/v2\/types\/page"}],"author":[{"embeddable":true,"href":"https:\/\/www.powens.com\/fr\/wp-json\/wp\/v2\/users\/25"}],"replies":[{"embeddable":true,"href":"https:\/\/www.powens.com\/fr\/wp-json\/wp\/v2\/comments?post=14984"}],"version-history":[{"count":0,"href":"https:\/\/www.powens.com\/fr\/wp-json\/wp\/v2\/pages\/14984\/revisions"}],"up":[{"embeddable":true,"href":"https:\/\/www.powens.com\/fr\/wp-json\/wp\/v2\/pages\/7964"}],"wp:attachment":[{"href":"https:\/\/www.powens.com\/fr\/wp-json\/wp\/v2\/media?parent=14984"}],"curies":[{"name":"wp","href":"https:\/\/api.w.org\/{rel}","templated":true}]}}