{"id":17641,"date":"2024-02-14T17:24:51","date_gmt":"2024-02-14T16:24:51","guid":{"rendered":"https:\/\/www.powens.com\/?page_id=17641"},"modified":"2024-09-16T18:32:56","modified_gmt":"2024-09-16T16:32:56","slug":"comptes-solution-de-paiement","status":"publish","type":"page","link":"https:\/\/www.powens.com\/fr\/produits\/comptes-solution-de-paiement\/","title":{"rendered":"Comptes &#038; Solution de Paiement"},"content":{"rendered":"","protected":false},"excerpt":{"rendered":"","protected":false},"author":25,"featured_media":16679,"parent":7964,"menu_order":0,"comment_status":"closed","ping_status":"closed","template":"","meta":{"_acf_changed":false,"inline_featured_image":false,"footnotes":""},"class_list":["post-17641","page","type-page","status-publish","has-post-thumbnail","hentry"],"acf":[],"yoast_head":"<!-- This site is optimized with the Yoast SEO Premium plugin v27.2 (Yoast SEO v27.2) - https:\/\/yoast.com\/product\/yoast-seo-premium-wordpress\/ -->\n<title>Comptes &amp; Solution de Paiement - Powens<\/title>\n<meta name=\"description\" content=\"Que vous soyez dans les \u00e9quipes Finance ou Produit, dites adieu aux processus manuels, aux probl\u00e8mes de paiement et \u00e0 la fraude. Notre \u00e9cosyst\u00e8me de solutions automatise les paiements et simplifie la r\u00e9conciliation, garantissant une exp\u00e9rience client optimis\u00e9e et une plus grande efficacit\u00e9.\" \/>\n<meta name=\"robots\" content=\"index, follow, max-snippet:-1, max-image-preview:large, max-video-preview:-1\" \/>\n<link rel=\"canonical\" href=\"https:\/\/www.powens.com\/fr\/produits\/comptes-solution-de-paiement\/\" \/>\n<meta property=\"og:locale\" content=\"fr_FR\" \/>\n<meta property=\"og:type\" content=\"article\" \/>\n<meta property=\"og:title\" content=\"Comptes &amp; Solution de Paiement\" \/>\n<meta property=\"og:description\" content=\"Que vous soyez dans les \u00e9quipes Finance ou Produit, dites adieu aux processus manuels, aux probl\u00e8mes de paiement et \u00e0 la fraude. Notre \u00e9cosyst\u00e8me de solutions automatise les paiements et simplifie la r\u00e9conciliation, garantissant une exp\u00e9rience client optimis\u00e9e et une plus grande efficacit\u00e9.\" \/>\n<meta property=\"og:url\" content=\"https:\/\/www.powens.com\/fr\/produits\/comptes-solution-de-paiement\/\" \/>\n<meta property=\"og:site_name\" content=\"Powens\" \/>\n<meta property=\"article:modified_time\" content=\"2024-09-16T16:32:56+00:00\" \/>\n<meta property=\"og:image\" content=\"https:\/\/www.powens.com\/wp-content\/uploads\/2023\/11\/Vision-Frame-96988.png\" \/>\n\t<meta property=\"og:image:width\" content=\"1776\" \/>\n\t<meta property=\"og:image:height\" content=\"984\" \/>\n\t<meta property=\"og:image:type\" content=\"image\/png\" \/>\n<meta name=\"twitter:card\" content=\"summary_large_image\" \/>\n<meta name=\"twitter:site\" content=\"@Powens_eu\" \/>\n<meta name=\"twitter:label1\" content=\"Dur\u00e9e de lecture estim\u00e9e\" \/>\n\t<meta name=\"twitter:data1\" content=\"7 minutes\" \/>\n<script type=\"application\/ld+json\" class=\"yoast-schema-graph\">{\"@context\":\"https:\/\/schema.org\",\"@graph\":[{\"@type\":\"WebPage\",\"@id\":\"https:\/\/www.powens.com\/fr\/produits\/comptes-solution-de-paiement\/\",\"url\":\"https:\/\/www.powens.com\/fr\/produits\/comptes-solution-de-paiement\/\",\"name\":\"Comptes & Solution de Paiement - Powens\",\"isPartOf\":{\"@id\":\"https:\/\/www.powens.com\/fr\/#website\"},\"primaryImageOfPage\":{\"@id\":\"https:\/\/www.powens.com\/fr\/produits\/comptes-solution-de-paiement\/#primaryimage\"},\"image\":{\"@id\":\"https:\/\/www.powens.com\/fr\/produits\/comptes-solution-de-paiement\/#primaryimage\"},\"thumbnailUrl\":\"https:\/\/www.powens.com\/wp-content\/uploads\/2023\/11\/Vision-Frame-96988-1.png\",\"datePublished\":\"2024-02-14T16:24:51+00:00\",\"dateModified\":\"2024-09-16T16:32:56+00:00\",\"description\":\"Que vous soyez dans les \u00e9quipes Finance ou Produit, dites adieu aux processus manuels, aux probl\u00e8mes de paiement et \u00e0 la fraude. Notre \u00e9cosyst\u00e8me de solutions automatise les paiements et simplifie la r\u00e9conciliation, garantissant une exp\u00e9rience client optimis\u00e9e et une plus grande efficacit\u00e9.\",\"breadcrumb\":{\"@id\":\"https:\/\/www.powens.com\/fr\/produits\/comptes-solution-de-paiement\/#breadcrumb\"},\"inLanguage\":\"fr-FR\",\"potentialAction\":[{\"@type\":\"ReadAction\",\"target\":[\"https:\/\/www.powens.com\/fr\/produits\/comptes-solution-de-paiement\/\"]}]},{\"@type\":\"ImageObject\",\"inLanguage\":\"fr-FR\",\"@id\":\"https:\/\/www.powens.com\/fr\/produits\/comptes-solution-de-paiement\/#primaryimage\",\"url\":\"https:\/\/www.powens.com\/wp-content\/uploads\/2023\/11\/Vision-Frame-96988-1.png\",\"contentUrl\":\"https:\/\/www.powens.com\/wp-content\/uploads\/2023\/11\/Vision-Frame-96988-1.png\",\"width\":888,\"height\":492},{\"@type\":\"BreadcrumbList\",\"@id\":\"https:\/\/www.powens.com\/fr\/produits\/comptes-solution-de-paiement\/#breadcrumb\",\"itemListElement\":[{\"@type\":\"ListItem\",\"position\":1,\"name\":\"Home\",\"item\":\"https:\/\/www.powens.com\/fr\/\"},{\"@type\":\"ListItem\",\"position\":2,\"name\":\"Produits\",\"item\":\"https:\/\/www.powens.com\/fr\/produits\/\"},{\"@type\":\"ListItem\",\"position\":3,\"name\":\"Comptes &#038; Solution de Paiement\"}]},{\"@type\":\"WebSite\",\"@id\":\"https:\/\/www.powens.com\/fr\/#website\",\"url\":\"https:\/\/www.powens.com\/fr\/\",\"name\":\"Powens\",\"description\":\"Where Open Finance Meets Embedded Banking\",\"publisher\":{\"@id\":\"https:\/\/www.powens.com\/fr\/#organization\"},\"potentialAction\":[{\"@type\":\"SearchAction\",\"target\":{\"@type\":\"EntryPoint\",\"urlTemplate\":\"https:\/\/www.powens.com\/fr\/?s={search_term_string}\"},\"query-input\":{\"@type\":\"PropertyValueSpecification\",\"valueRequired\":true,\"valueName\":\"search_term_string\"}}],\"inLanguage\":\"fr-FR\"},{\"@type\":\"Organization\",\"@id\":\"https:\/\/www.powens.com\/fr\/#organization\",\"name\":\"Powens\",\"url\":\"https:\/\/www.powens.com\/fr\/\",\"logo\":{\"@type\":\"ImageObject\",\"inLanguage\":\"fr-FR\",\"@id\":\"https:\/\/www.powens.com\/fr\/#\/schema\/logo\/image\/\",\"url\":\"https:\/\/www.powens.com\/wp-content\/uploads\/2022\/10\/Temporary_powens_logo_Gradient.svg\",\"contentUrl\":\"https:\/\/www.powens.com\/wp-content\/uploads\/2022\/10\/Temporary_powens_logo_Gradient.svg\",\"width\":1,\"height\":1,\"caption\":\"Powens\"},\"image\":{\"@id\":\"https:\/\/www.powens.com\/fr\/#\/schema\/logo\/image\/\"},\"sameAs\":[\"https:\/\/x.com\/Powens_eu\",\"https:\/\/www.linkedin.com\/company\/powens\/\"]}]}<\/script>\n<!-- \/ Yoast SEO Premium plugin. -->","yoast_head_json":{"title":"Comptes & Solution de Paiement - Powens","description":"Que vous soyez dans les \u00e9quipes Finance ou Produit, dites adieu aux processus manuels, aux probl\u00e8mes de paiement et \u00e0 la fraude. Notre \u00e9cosyst\u00e8me de solutions automatise les paiements et simplifie la r\u00e9conciliation, garantissant une exp\u00e9rience client optimis\u00e9e et une plus grande efficacit\u00e9.","robots":{"index":"index","follow":"follow","max-snippet":"max-snippet:-1","max-image-preview":"max-image-preview:large","max-video-preview":"max-video-preview:-1"},"canonical":"https:\/\/www.powens.com\/fr\/produits\/comptes-solution-de-paiement\/","og_locale":"fr_FR","og_type":"article","og_title":"Comptes & Solution de Paiement","og_description":"Que vous soyez dans les \u00e9quipes Finance ou Produit, dites adieu aux processus manuels, aux probl\u00e8mes de paiement et \u00e0 la fraude. Notre \u00e9cosyst\u00e8me de solutions automatise les paiements et simplifie la r\u00e9conciliation, garantissant une exp\u00e9rience client optimis\u00e9e et une plus grande efficacit\u00e9.","og_url":"https:\/\/www.powens.com\/fr\/produits\/comptes-solution-de-paiement\/","og_site_name":"Powens","article_modified_time":"2024-09-16T16:32:56+00:00","og_image":[{"width":1776,"height":984,"url":"https:\/\/www.powens.com\/wp-content\/uploads\/2023\/11\/Vision-Frame-96988.png","type":"image\/png"}],"twitter_card":"summary_large_image","twitter_site":"@Powens_eu","twitter_misc":{"Dur\u00e9e de lecture estim\u00e9e":"7 minutes"},"schema":{"@context":"https:\/\/schema.org","@graph":[{"@type":"WebPage","@id":"https:\/\/www.powens.com\/fr\/produits\/comptes-solution-de-paiement\/","url":"https:\/\/www.powens.com\/fr\/produits\/comptes-solution-de-paiement\/","name":"Comptes & Solution de Paiement - Powens","isPartOf":{"@id":"https:\/\/www.powens.com\/fr\/#website"},"primaryImageOfPage":{"@id":"https:\/\/www.powens.com\/fr\/produits\/comptes-solution-de-paiement\/#primaryimage"},"image":{"@id":"https:\/\/www.powens.com\/fr\/produits\/comptes-solution-de-paiement\/#primaryimage"},"thumbnailUrl":"https:\/\/www.powens.com\/wp-content\/uploads\/2023\/11\/Vision-Frame-96988-1.png","datePublished":"2024-02-14T16:24:51+00:00","dateModified":"2024-09-16T16:32:56+00:00","description":"Que vous soyez dans les \u00e9quipes Finance ou Produit, dites adieu aux processus manuels, aux probl\u00e8mes de paiement et \u00e0 la fraude. Notre \u00e9cosyst\u00e8me de solutions automatise les paiements et simplifie la r\u00e9conciliation, garantissant une exp\u00e9rience client optimis\u00e9e et une plus grande efficacit\u00e9.","breadcrumb":{"@id":"https:\/\/www.powens.com\/fr\/produits\/comptes-solution-de-paiement\/#breadcrumb"},"inLanguage":"fr-FR","potentialAction":[{"@type":"ReadAction","target":["https:\/\/www.powens.com\/fr\/produits\/comptes-solution-de-paiement\/"]}]},{"@type":"ImageObject","inLanguage":"fr-FR","@id":"https:\/\/www.powens.com\/fr\/produits\/comptes-solution-de-paiement\/#primaryimage","url":"https:\/\/www.powens.com\/wp-content\/uploads\/2023\/11\/Vision-Frame-96988-1.png","contentUrl":"https:\/\/www.powens.com\/wp-content\/uploads\/2023\/11\/Vision-Frame-96988-1.png","width":888,"height":492},{"@type":"BreadcrumbList","@id":"https:\/\/www.powens.com\/fr\/produits\/comptes-solution-de-paiement\/#breadcrumb","itemListElement":[{"@type":"ListItem","position":1,"name":"Home","item":"https:\/\/www.powens.com\/fr\/"},{"@type":"ListItem","position":2,"name":"Produits","item":"https:\/\/www.powens.com\/fr\/produits\/"},{"@type":"ListItem","position":3,"name":"Comptes &#038; Solution de Paiement"}]},{"@type":"WebSite","@id":"https:\/\/www.powens.com\/fr\/#website","url":"https:\/\/www.powens.com\/fr\/","name":"Powens","description":"Where Open Finance Meets Embedded Banking","publisher":{"@id":"https:\/\/www.powens.com\/fr\/#organization"},"potentialAction":[{"@type":"SearchAction","target":{"@type":"EntryPoint","urlTemplate":"https:\/\/www.powens.com\/fr\/?s={search_term_string}"},"query-input":{"@type":"PropertyValueSpecification","valueRequired":true,"valueName":"search_term_string"}}],"inLanguage":"fr-FR"},{"@type":"Organization","@id":"https:\/\/www.powens.com\/fr\/#organization","name":"Powens","url":"https:\/\/www.powens.com\/fr\/","logo":{"@type":"ImageObject","inLanguage":"fr-FR","@id":"https:\/\/www.powens.com\/fr\/#\/schema\/logo\/image\/","url":"https:\/\/www.powens.com\/wp-content\/uploads\/2022\/10\/Temporary_powens_logo_Gradient.svg","contentUrl":"https:\/\/www.powens.com\/wp-content\/uploads\/2022\/10\/Temporary_powens_logo_Gradient.svg","width":1,"height":1,"caption":"Powens"},"image":{"@id":"https:\/\/www.powens.com\/fr\/#\/schema\/logo\/image\/"},"sameAs":["https:\/\/x.com\/Powens_eu","https:\/\/www.linkedin.com\/company\/powens\/"]}]}},"_links":{"self":[{"href":"https:\/\/www.powens.com\/fr\/wp-json\/wp\/v2\/pages\/17641","targetHints":{"allow":["GET"]}}],"collection":[{"href":"https:\/\/www.powens.com\/fr\/wp-json\/wp\/v2\/pages"}],"about":[{"href":"https:\/\/www.powens.com\/fr\/wp-json\/wp\/v2\/types\/page"}],"author":[{"embeddable":true,"href":"https:\/\/www.powens.com\/fr\/wp-json\/wp\/v2\/users\/25"}],"replies":[{"embeddable":true,"href":"https:\/\/www.powens.com\/fr\/wp-json\/wp\/v2\/comments?post=17641"}],"version-history":[{"count":0,"href":"https:\/\/www.powens.com\/fr\/wp-json\/wp\/v2\/pages\/17641\/revisions"}],"up":[{"embeddable":true,"href":"https:\/\/www.powens.com\/fr\/wp-json\/wp\/v2\/pages\/7964"}],"wp:featuredmedia":[{"embeddable":true,"href":"https:\/\/www.powens.com\/fr\/wp-json\/wp\/v2\/media\/16679"}],"wp:attachment":[{"href":"https:\/\/www.powens.com\/fr\/wp-json\/wp\/v2\/media?parent=17641"}],"curies":[{"name":"wp","href":"https:\/\/api.w.org\/{rel}","templated":true}]}}