{"id":17783,"date":"2024-02-29T10:31:08","date_gmt":"2024-02-29T09:31:08","guid":{"rendered":"https:\/\/www.powens.com\/?page_id=17783"},"modified":"2024-10-25T14:48:57","modified_gmt":"2024-10-25T12:48:57","slug":"solutions-de-paiements-sortants","status":"publish","type":"page","link":"https:\/\/www.powens.com\/fr\/produits\/solutions-de-paiements-sortants\/","title":{"rendered":"Solutions de Paiements Sortants"},"content":{"rendered":"","protected":false},"excerpt":{"rendered":"","protected":false},"author":25,"featured_media":0,"parent":7964,"menu_order":0,"comment_status":"closed","ping_status":"closed","template":"","meta":{"_acf_changed":false,"inline_featured_image":false,"footnotes":""},"class_list":["post-17783","page","type-page","status-publish","hentry"],"acf":[],"yoast_head":"<!-- This site is optimized with the Yoast SEO Premium plugin v27.2 (Yoast SEO v27.2) - https:\/\/yoast.com\/product\/yoast-seo-premium-wordpress\/ -->\n<title>Solutions de Paiements Sortants - Powens<\/title>\n<meta name=\"description\" content=\"Prenez le contr\u00f4le de vos flux de paiements sortants, initiant facilement les paiements directement depuis votre logiciel de comptabilit\u00e9 ou financier. Acc\u00e9dez aux moyens de paiement locaux et SEPA tout en b\u00e9n\u00e9ficiant d&#039;une supervision compl\u00e8te de vos transactions.\" \/>\n<meta name=\"robots\" content=\"index, follow, max-snippet:-1, max-image-preview:large, max-video-preview:-1\" \/>\n<link rel=\"canonical\" href=\"https:\/\/www.powens.com\/fr\/produits\/solutions-de-paiements-sortants\/\" \/>\n<meta property=\"og:locale\" content=\"fr_FR\" \/>\n<meta property=\"og:type\" content=\"article\" \/>\n<meta property=\"og:title\" content=\"Solutions de Paiements Sortants\" \/>\n<meta property=\"og:description\" content=\"Prenez le contr\u00f4le de vos flux de paiements sortants, initiant facilement les paiements directement depuis votre logiciel de comptabilit\u00e9 ou financier. Acc\u00e9dez aux moyens de paiement locaux et SEPA tout en b\u00e9n\u00e9ficiant d&#039;une supervision compl\u00e8te de vos transactions.\" \/>\n<meta property=\"og:url\" content=\"https:\/\/www.powens.com\/fr\/produits\/solutions-de-paiements-sortants\/\" \/>\n<meta property=\"og:site_name\" content=\"Powens\" \/>\n<meta property=\"article:modified_time\" content=\"2024-10-25T12:48:57+00:00\" \/>\n<meta property=\"og:image\" content=\"https:\/\/www.powens.com\/wp-content\/uploads\/2024\/02\/Payout-Solutions-target.jpg\" \/>\n\t<meta property=\"og:image:width\" content=\"928\" \/>\n\t<meta property=\"og:image:height\" content=\"608\" \/>\n\t<meta property=\"og:image:type\" content=\"image\/jpeg\" \/>\n<meta name=\"twitter:card\" content=\"summary_large_image\" \/>\n<meta name=\"twitter:site\" content=\"@Powens_eu\" \/>\n<meta name=\"twitter:label1\" content=\"Dur\u00e9e de lecture estim\u00e9e\" \/>\n\t<meta name=\"twitter:data1\" content=\"6 minutes\" \/>\n<script type=\"application\/ld+json\" class=\"yoast-schema-graph\">{\"@context\":\"https:\/\/schema.org\",\"@graph\":[{\"@type\":\"WebPage\",\"@id\":\"https:\/\/www.powens.com\/fr\/produits\/solutions-de-paiements-sortants\/\",\"url\":\"https:\/\/www.powens.com\/fr\/produits\/solutions-de-paiements-sortants\/\",\"name\":\"Solutions de Paiements Sortants - Powens\",\"isPartOf\":{\"@id\":\"https:\/\/www.powens.com\/fr\/#website\"},\"datePublished\":\"2024-02-29T09:31:08+00:00\",\"dateModified\":\"2024-10-25T12:48:57+00:00\",\"description\":\"Prenez le contr\u00f4le de vos flux de paiements sortants, initiant facilement les paiements directement depuis votre logiciel de comptabilit\u00e9 ou financier. Acc\u00e9dez aux moyens de paiement locaux et SEPA tout en b\u00e9n\u00e9ficiant d'une supervision compl\u00e8te de vos transactions.\",\"breadcrumb\":{\"@id\":\"https:\/\/www.powens.com\/fr\/produits\/solutions-de-paiements-sortants\/#breadcrumb\"},\"inLanguage\":\"fr-FR\",\"potentialAction\":[{\"@type\":\"ReadAction\",\"target\":[\"https:\/\/www.powens.com\/fr\/produits\/solutions-de-paiements-sortants\/\"]}]},{\"@type\":\"BreadcrumbList\",\"@id\":\"https:\/\/www.powens.com\/fr\/produits\/solutions-de-paiements-sortants\/#breadcrumb\",\"itemListElement\":[{\"@type\":\"ListItem\",\"position\":1,\"name\":\"Home\",\"item\":\"https:\/\/www.powens.com\/fr\/\"},{\"@type\":\"ListItem\",\"position\":2,\"name\":\"Produits\",\"item\":\"https:\/\/www.powens.com\/fr\/produits\/\"},{\"@type\":\"ListItem\",\"position\":3,\"name\":\"Solutions de Paiements Sortants\"}]},{\"@type\":\"WebSite\",\"@id\":\"https:\/\/www.powens.com\/fr\/#website\",\"url\":\"https:\/\/www.powens.com\/fr\/\",\"name\":\"Powens\",\"description\":\"Where Open Finance Meets Embedded Banking\",\"publisher\":{\"@id\":\"https:\/\/www.powens.com\/fr\/#organization\"},\"potentialAction\":[{\"@type\":\"SearchAction\",\"target\":{\"@type\":\"EntryPoint\",\"urlTemplate\":\"https:\/\/www.powens.com\/fr\/?s={search_term_string}\"},\"query-input\":{\"@type\":\"PropertyValueSpecification\",\"valueRequired\":true,\"valueName\":\"search_term_string\"}}],\"inLanguage\":\"fr-FR\"},{\"@type\":\"Organization\",\"@id\":\"https:\/\/www.powens.com\/fr\/#organization\",\"name\":\"Powens\",\"url\":\"https:\/\/www.powens.com\/fr\/\",\"logo\":{\"@type\":\"ImageObject\",\"inLanguage\":\"fr-FR\",\"@id\":\"https:\/\/www.powens.com\/fr\/#\/schema\/logo\/image\/\",\"url\":\"https:\/\/www.powens.com\/wp-content\/uploads\/2022\/10\/Temporary_powens_logo_Gradient.svg\",\"contentUrl\":\"https:\/\/www.powens.com\/wp-content\/uploads\/2022\/10\/Temporary_powens_logo_Gradient.svg\",\"width\":1,\"height\":1,\"caption\":\"Powens\"},\"image\":{\"@id\":\"https:\/\/www.powens.com\/fr\/#\/schema\/logo\/image\/\"},\"sameAs\":[\"https:\/\/x.com\/Powens_eu\",\"https:\/\/www.linkedin.com\/company\/powens\/\"]}]}<\/script>\n<!-- \/ Yoast SEO Premium plugin. -->","yoast_head_json":{"title":"Solutions de Paiements Sortants - Powens","description":"Prenez le contr\u00f4le de vos flux de paiements sortants, initiant facilement les paiements directement depuis votre logiciel de comptabilit\u00e9 ou financier. Acc\u00e9dez aux moyens de paiement locaux et SEPA tout en b\u00e9n\u00e9ficiant d'une supervision compl\u00e8te de vos transactions.","robots":{"index":"index","follow":"follow","max-snippet":"max-snippet:-1","max-image-preview":"max-image-preview:large","max-video-preview":"max-video-preview:-1"},"canonical":"https:\/\/www.powens.com\/fr\/produits\/solutions-de-paiements-sortants\/","og_locale":"fr_FR","og_type":"article","og_title":"Solutions de Paiements Sortants","og_description":"Prenez le contr\u00f4le de vos flux de paiements sortants, initiant facilement les paiements directement depuis votre logiciel de comptabilit\u00e9 ou financier. Acc\u00e9dez aux moyens de paiement locaux et SEPA tout en b\u00e9n\u00e9ficiant d'une supervision compl\u00e8te de vos transactions.","og_url":"https:\/\/www.powens.com\/fr\/produits\/solutions-de-paiements-sortants\/","og_site_name":"Powens","article_modified_time":"2024-10-25T12:48:57+00:00","og_image":[{"width":928,"height":608,"url":"https:\/\/www.powens.com\/wp-content\/uploads\/2024\/02\/Payout-Solutions-target.jpg","type":"image\/jpeg"}],"twitter_card":"summary_large_image","twitter_site":"@Powens_eu","twitter_misc":{"Dur\u00e9e de lecture estim\u00e9e":"6 minutes"},"schema":{"@context":"https:\/\/schema.org","@graph":[{"@type":"WebPage","@id":"https:\/\/www.powens.com\/fr\/produits\/solutions-de-paiements-sortants\/","url":"https:\/\/www.powens.com\/fr\/produits\/solutions-de-paiements-sortants\/","name":"Solutions de Paiements Sortants - Powens","isPartOf":{"@id":"https:\/\/www.powens.com\/fr\/#website"},"datePublished":"2024-02-29T09:31:08+00:00","dateModified":"2024-10-25T12:48:57+00:00","description":"Prenez le contr\u00f4le de vos flux de paiements sortants, initiant facilement les paiements directement depuis votre logiciel de comptabilit\u00e9 ou financier. Acc\u00e9dez aux moyens de paiement locaux et SEPA tout en b\u00e9n\u00e9ficiant d'une supervision compl\u00e8te de vos transactions.","breadcrumb":{"@id":"https:\/\/www.powens.com\/fr\/produits\/solutions-de-paiements-sortants\/#breadcrumb"},"inLanguage":"fr-FR","potentialAction":[{"@type":"ReadAction","target":["https:\/\/www.powens.com\/fr\/produits\/solutions-de-paiements-sortants\/"]}]},{"@type":"BreadcrumbList","@id":"https:\/\/www.powens.com\/fr\/produits\/solutions-de-paiements-sortants\/#breadcrumb","itemListElement":[{"@type":"ListItem","position":1,"name":"Home","item":"https:\/\/www.powens.com\/fr\/"},{"@type":"ListItem","position":2,"name":"Produits","item":"https:\/\/www.powens.com\/fr\/produits\/"},{"@type":"ListItem","position":3,"name":"Solutions de Paiements Sortants"}]},{"@type":"WebSite","@id":"https:\/\/www.powens.com\/fr\/#website","url":"https:\/\/www.powens.com\/fr\/","name":"Powens","description":"Where Open Finance Meets Embedded Banking","publisher":{"@id":"https:\/\/www.powens.com\/fr\/#organization"},"potentialAction":[{"@type":"SearchAction","target":{"@type":"EntryPoint","urlTemplate":"https:\/\/www.powens.com\/fr\/?s={search_term_string}"},"query-input":{"@type":"PropertyValueSpecification","valueRequired":true,"valueName":"search_term_string"}}],"inLanguage":"fr-FR"},{"@type":"Organization","@id":"https:\/\/www.powens.com\/fr\/#organization","name":"Powens","url":"https:\/\/www.powens.com\/fr\/","logo":{"@type":"ImageObject","inLanguage":"fr-FR","@id":"https:\/\/www.powens.com\/fr\/#\/schema\/logo\/image\/","url":"https:\/\/www.powens.com\/wp-content\/uploads\/2022\/10\/Temporary_powens_logo_Gradient.svg","contentUrl":"https:\/\/www.powens.com\/wp-content\/uploads\/2022\/10\/Temporary_powens_logo_Gradient.svg","width":1,"height":1,"caption":"Powens"},"image":{"@id":"https:\/\/www.powens.com\/fr\/#\/schema\/logo\/image\/"},"sameAs":["https:\/\/x.com\/Powens_eu","https:\/\/www.linkedin.com\/company\/powens\/"]}]}},"_links":{"self":[{"href":"https:\/\/www.powens.com\/fr\/wp-json\/wp\/v2\/pages\/17783","targetHints":{"allow":["GET"]}}],"collection":[{"href":"https:\/\/www.powens.com\/fr\/wp-json\/wp\/v2\/pages"}],"about":[{"href":"https:\/\/www.powens.com\/fr\/wp-json\/wp\/v2\/types\/page"}],"author":[{"embeddable":true,"href":"https:\/\/www.powens.com\/fr\/wp-json\/wp\/v2\/users\/25"}],"replies":[{"embeddable":true,"href":"https:\/\/www.powens.com\/fr\/wp-json\/wp\/v2\/comments?post=17783"}],"version-history":[{"count":2,"href":"https:\/\/www.powens.com\/fr\/wp-json\/wp\/v2\/pages\/17783\/revisions"}],"predecessor-version":[{"id":20944,"href":"https:\/\/www.powens.com\/fr\/wp-json\/wp\/v2\/pages\/17783\/revisions\/20944"}],"up":[{"embeddable":true,"href":"https:\/\/www.powens.com\/fr\/wp-json\/wp\/v2\/pages\/7964"}],"wp:attachment":[{"href":"https:\/\/www.powens.com\/fr\/wp-json\/wp\/v2\/media?parent=17783"}],"curies":[{"name":"wp","href":"https:\/\/api.w.org\/{rel}","templated":true}]}}