{"id":17796,"date":"2024-02-26T15:38:29","date_gmt":"2024-02-26T14:38:29","guid":{"rendered":"https:\/\/www.powens.com\/?page_id=17796"},"modified":"2024-10-25T14:46:55","modified_gmt":"2024-10-25T12:46:55","slug":"solutions-de-paiements-entrants","status":"publish","type":"page","link":"https:\/\/www.powens.com\/fr\/produits\/solutions-de-paiements-entrants\/","title":{"rendered":"Solutions de Paiements Entrants"},"content":{"rendered":"","protected":false},"excerpt":{"rendered":"","protected":false},"author":25,"featured_media":0,"parent":7964,"menu_order":0,"comment_status":"closed","ping_status":"closed","template":"","meta":{"_acf_changed":false,"inline_featured_image":false,"footnotes":""},"class_list":["post-17796","page","type-page","status-publish","hentry"],"acf":[],"yoast_head":"<!-- This site is optimized with the Yoast SEO Premium plugin v27.2 (Yoast SEO v27.2) - https:\/\/yoast.com\/product\/yoast-seo-premium-wordpress\/ -->\n<title>Solutions de Paiements Entrants - Powens<\/title>\n<meta name=\"description\" content=\"Explorez nos solutions de paiement con\u00e7ues pour r\u00e9pondre \u00e0 l\u2019ensemble des besoins de votre activit\u00e9. Des paiements ponctuels \u00e0 la mise en place d&#039;abonnements et de paiements r\u00e9currents, nos solutions optimisent les op\u00e9rations financi\u00e8res et facilitent votre r\u00e9conciliation.\" \/>\n<meta name=\"robots\" content=\"index, follow, max-snippet:-1, max-image-preview:large, max-video-preview:-1\" \/>\n<link rel=\"canonical\" href=\"https:\/\/www.powens.com\/fr\/produits\/solutions-de-paiements-entrants\/\" \/>\n<meta property=\"og:locale\" content=\"fr_FR\" \/>\n<meta property=\"og:type\" content=\"article\" \/>\n<meta property=\"og:title\" content=\"Solutions de Paiements Entrants\" \/>\n<meta property=\"og:description\" content=\"Explorez nos solutions de paiement con\u00e7ues pour r\u00e9pondre \u00e0 l\u2019ensemble des besoins de votre activit\u00e9. Des paiements ponctuels \u00e0 la mise en place d&#039;abonnements et de paiements r\u00e9currents, nos solutions optimisent les op\u00e9rations financi\u00e8res et facilitent votre r\u00e9conciliation.\" \/>\n<meta property=\"og:url\" content=\"https:\/\/www.powens.com\/fr\/produits\/solutions-de-paiements-entrants\/\" \/>\n<meta property=\"og:site_name\" content=\"Powens\" \/>\n<meta property=\"article:modified_time\" content=\"2024-10-25T12:46:55+00:00\" \/>\n<meta property=\"og:image\" content=\"https:\/\/www.powens.com\/wp-content\/uploads\/2024\/02\/Payin-Solutions-target.jpg\" \/>\n\t<meta property=\"og:image:width\" content=\"928\" \/>\n\t<meta property=\"og:image:height\" content=\"608\" \/>\n\t<meta property=\"og:image:type\" content=\"image\/jpeg\" \/>\n<meta name=\"twitter:card\" content=\"summary_large_image\" \/>\n<meta name=\"twitter:site\" content=\"@Powens_eu\" \/>\n<meta name=\"twitter:label1\" content=\"Dur\u00e9e de lecture estim\u00e9e\" \/>\n\t<meta name=\"twitter:data1\" content=\"7 minutes\" \/>\n<script type=\"application\/ld+json\" class=\"yoast-schema-graph\">{\"@context\":\"https:\/\/schema.org\",\"@graph\":[{\"@type\":\"WebPage\",\"@id\":\"https:\/\/www.powens.com\/fr\/produits\/solutions-de-paiements-entrants\/\",\"url\":\"https:\/\/www.powens.com\/fr\/produits\/solutions-de-paiements-entrants\/\",\"name\":\"Solutions de Paiements Entrants - Powens\",\"isPartOf\":{\"@id\":\"https:\/\/www.powens.com\/fr\/#website\"},\"datePublished\":\"2024-02-26T14:38:29+00:00\",\"dateModified\":\"2024-10-25T12:46:55+00:00\",\"description\":\"Explorez nos solutions de paiement con\u00e7ues pour r\u00e9pondre \u00e0 l\u2019ensemble des besoins de votre activit\u00e9. Des paiements ponctuels \u00e0 la mise en place d'abonnements et de paiements r\u00e9currents, nos solutions optimisent les op\u00e9rations financi\u00e8res et facilitent votre r\u00e9conciliation.\",\"breadcrumb\":{\"@id\":\"https:\/\/www.powens.com\/fr\/produits\/solutions-de-paiements-entrants\/#breadcrumb\"},\"inLanguage\":\"fr-FR\",\"potentialAction\":[{\"@type\":\"ReadAction\",\"target\":[\"https:\/\/www.powens.com\/fr\/produits\/solutions-de-paiements-entrants\/\"]}]},{\"@type\":\"BreadcrumbList\",\"@id\":\"https:\/\/www.powens.com\/fr\/produits\/solutions-de-paiements-entrants\/#breadcrumb\",\"itemListElement\":[{\"@type\":\"ListItem\",\"position\":1,\"name\":\"Home\",\"item\":\"https:\/\/www.powens.com\/fr\/\"},{\"@type\":\"ListItem\",\"position\":2,\"name\":\"Produits\",\"item\":\"https:\/\/www.powens.com\/fr\/produits\/\"},{\"@type\":\"ListItem\",\"position\":3,\"name\":\"Solutions de Paiements Entrants\"}]},{\"@type\":\"WebSite\",\"@id\":\"https:\/\/www.powens.com\/fr\/#website\",\"url\":\"https:\/\/www.powens.com\/fr\/\",\"name\":\"Powens\",\"description\":\"Where Open Finance Meets Embedded Banking\",\"publisher\":{\"@id\":\"https:\/\/www.powens.com\/fr\/#organization\"},\"potentialAction\":[{\"@type\":\"SearchAction\",\"target\":{\"@type\":\"EntryPoint\",\"urlTemplate\":\"https:\/\/www.powens.com\/fr\/?s={search_term_string}\"},\"query-input\":{\"@type\":\"PropertyValueSpecification\",\"valueRequired\":true,\"valueName\":\"search_term_string\"}}],\"inLanguage\":\"fr-FR\"},{\"@type\":\"Organization\",\"@id\":\"https:\/\/www.powens.com\/fr\/#organization\",\"name\":\"Powens\",\"url\":\"https:\/\/www.powens.com\/fr\/\",\"logo\":{\"@type\":\"ImageObject\",\"inLanguage\":\"fr-FR\",\"@id\":\"https:\/\/www.powens.com\/fr\/#\/schema\/logo\/image\/\",\"url\":\"https:\/\/www.powens.com\/wp-content\/uploads\/2022\/10\/Temporary_powens_logo_Gradient.svg\",\"contentUrl\":\"https:\/\/www.powens.com\/wp-content\/uploads\/2022\/10\/Temporary_powens_logo_Gradient.svg\",\"width\":1,\"height\":1,\"caption\":\"Powens\"},\"image\":{\"@id\":\"https:\/\/www.powens.com\/fr\/#\/schema\/logo\/image\/\"},\"sameAs\":[\"https:\/\/x.com\/Powens_eu\",\"https:\/\/www.linkedin.com\/company\/powens\/\"]}]}<\/script>\n<!-- \/ Yoast SEO Premium plugin. -->","yoast_head_json":{"title":"Solutions de Paiements Entrants - Powens","description":"Explorez nos solutions de paiement con\u00e7ues pour r\u00e9pondre \u00e0 l\u2019ensemble des besoins de votre activit\u00e9. Des paiements ponctuels \u00e0 la mise en place d'abonnements et de paiements r\u00e9currents, nos solutions optimisent les op\u00e9rations financi\u00e8res et facilitent votre r\u00e9conciliation.","robots":{"index":"index","follow":"follow","max-snippet":"max-snippet:-1","max-image-preview":"max-image-preview:large","max-video-preview":"max-video-preview:-1"},"canonical":"https:\/\/www.powens.com\/fr\/produits\/solutions-de-paiements-entrants\/","og_locale":"fr_FR","og_type":"article","og_title":"Solutions de Paiements Entrants","og_description":"Explorez nos solutions de paiement con\u00e7ues pour r\u00e9pondre \u00e0 l\u2019ensemble des besoins de votre activit\u00e9. Des paiements ponctuels \u00e0 la mise en place d'abonnements et de paiements r\u00e9currents, nos solutions optimisent les op\u00e9rations financi\u00e8res et facilitent votre r\u00e9conciliation.","og_url":"https:\/\/www.powens.com\/fr\/produits\/solutions-de-paiements-entrants\/","og_site_name":"Powens","article_modified_time":"2024-10-25T12:46:55+00:00","og_image":[{"width":928,"height":608,"url":"https:\/\/www.powens.com\/wp-content\/uploads\/2024\/02\/Payin-Solutions-target.jpg","type":"image\/jpeg"}],"twitter_card":"summary_large_image","twitter_site":"@Powens_eu","twitter_misc":{"Dur\u00e9e de lecture estim\u00e9e":"7 minutes"},"schema":{"@context":"https:\/\/schema.org","@graph":[{"@type":"WebPage","@id":"https:\/\/www.powens.com\/fr\/produits\/solutions-de-paiements-entrants\/","url":"https:\/\/www.powens.com\/fr\/produits\/solutions-de-paiements-entrants\/","name":"Solutions de Paiements Entrants - Powens","isPartOf":{"@id":"https:\/\/www.powens.com\/fr\/#website"},"datePublished":"2024-02-26T14:38:29+00:00","dateModified":"2024-10-25T12:46:55+00:00","description":"Explorez nos solutions de paiement con\u00e7ues pour r\u00e9pondre \u00e0 l\u2019ensemble des besoins de votre activit\u00e9. Des paiements ponctuels \u00e0 la mise en place d'abonnements et de paiements r\u00e9currents, nos solutions optimisent les op\u00e9rations financi\u00e8res et facilitent votre r\u00e9conciliation.","breadcrumb":{"@id":"https:\/\/www.powens.com\/fr\/produits\/solutions-de-paiements-entrants\/#breadcrumb"},"inLanguage":"fr-FR","potentialAction":[{"@type":"ReadAction","target":["https:\/\/www.powens.com\/fr\/produits\/solutions-de-paiements-entrants\/"]}]},{"@type":"BreadcrumbList","@id":"https:\/\/www.powens.com\/fr\/produits\/solutions-de-paiements-entrants\/#breadcrumb","itemListElement":[{"@type":"ListItem","position":1,"name":"Home","item":"https:\/\/www.powens.com\/fr\/"},{"@type":"ListItem","position":2,"name":"Produits","item":"https:\/\/www.powens.com\/fr\/produits\/"},{"@type":"ListItem","position":3,"name":"Solutions de Paiements Entrants"}]},{"@type":"WebSite","@id":"https:\/\/www.powens.com\/fr\/#website","url":"https:\/\/www.powens.com\/fr\/","name":"Powens","description":"Where Open Finance Meets Embedded Banking","publisher":{"@id":"https:\/\/www.powens.com\/fr\/#organization"},"potentialAction":[{"@type":"SearchAction","target":{"@type":"EntryPoint","urlTemplate":"https:\/\/www.powens.com\/fr\/?s={search_term_string}"},"query-input":{"@type":"PropertyValueSpecification","valueRequired":true,"valueName":"search_term_string"}}],"inLanguage":"fr-FR"},{"@type":"Organization","@id":"https:\/\/www.powens.com\/fr\/#organization","name":"Powens","url":"https:\/\/www.powens.com\/fr\/","logo":{"@type":"ImageObject","inLanguage":"fr-FR","@id":"https:\/\/www.powens.com\/fr\/#\/schema\/logo\/image\/","url":"https:\/\/www.powens.com\/wp-content\/uploads\/2022\/10\/Temporary_powens_logo_Gradient.svg","contentUrl":"https:\/\/www.powens.com\/wp-content\/uploads\/2022\/10\/Temporary_powens_logo_Gradient.svg","width":1,"height":1,"caption":"Powens"},"image":{"@id":"https:\/\/www.powens.com\/fr\/#\/schema\/logo\/image\/"},"sameAs":["https:\/\/x.com\/Powens_eu","https:\/\/www.linkedin.com\/company\/powens\/"]}]}},"_links":{"self":[{"href":"https:\/\/www.powens.com\/fr\/wp-json\/wp\/v2\/pages\/17796","targetHints":{"allow":["GET"]}}],"collection":[{"href":"https:\/\/www.powens.com\/fr\/wp-json\/wp\/v2\/pages"}],"about":[{"href":"https:\/\/www.powens.com\/fr\/wp-json\/wp\/v2\/types\/page"}],"author":[{"embeddable":true,"href":"https:\/\/www.powens.com\/fr\/wp-json\/wp\/v2\/users\/25"}],"replies":[{"embeddable":true,"href":"https:\/\/www.powens.com\/fr\/wp-json\/wp\/v2\/comments?post=17796"}],"version-history":[{"count":1,"href":"https:\/\/www.powens.com\/fr\/wp-json\/wp\/v2\/pages\/17796\/revisions"}],"predecessor-version":[{"id":20941,"href":"https:\/\/www.powens.com\/fr\/wp-json\/wp\/v2\/pages\/17796\/revisions\/20941"}],"up":[{"embeddable":true,"href":"https:\/\/www.powens.com\/fr\/wp-json\/wp\/v2\/pages\/7964"}],"wp:attachment":[{"href":"https:\/\/www.powens.com\/fr\/wp-json\/wp\/v2\/media?parent=17796"}],"curies":[{"name":"wp","href":"https:\/\/api.w.org\/{rel}","templated":true}]}}