{"id":2376,"date":"2022-10-10T15:40:17","date_gmt":"2022-10-10T13:40:17","guid":{"rendered":"https:\/\/www.powens.com\/?page_id=2376"},"modified":"2026-01-30T16:42:26","modified_gmt":"2026-01-30T15:42:26","slug":"mentions-legales","status":"publish","type":"page","link":"https:\/\/www.powens.com\/fr\/mentions-legales\/","title":{"rendered":"Mentions l\u00e9gales"},"content":{"rendered":"<p>Conform\u00e9ment aux dispositions des articles 6-III et 19 de la loi n\u00b02004-575 pour la confiance dans l\u2019\u00e9conomie num\u00e9rique, Powens d\u00e9clare que :<\/p>\n<p>Le site <a href=\"https:\/\/www.powens.com\/fr\/\">powens.com<\/a> est \u00e9dit\u00e9 par la soci\u00e9t\u00e9 Powens, soci\u00e9t\u00e9 par actions simplifi\u00e9e au capital de 38 674,20\u20ac euros, inscrite au Registre du commerce et des soci\u00e9t\u00e9s de Paris sous le num\u00e9ro 749 867 206, et dont le si\u00e8ge social est situ\u00e9 84 rue Beaubourg, 75003 Paris.<\/p>\n<p>Powens est agr\u00e9\u00e9e en qualit\u00e9 d\u2019\u00e9tablissement de paiement par l\u2019Autorit\u00e9 de contr\u00f4le prudentiel et de r\u00e9solution, sous le num\u00e9ro CIB 16948, consultable sur la liste officielle <a href=\"http:\/\/www.regafi.fr\/\">www.regafi.fr<\/a>.<\/p>\n<p>Le site web Powens est h\u00e9berg\u00e9 par\u00a0<a href=\"https:\/\/www.bigscoots.com\/\" target=\"_blank\" rel=\"noopener\">BigScoots<\/a> \u2014 350 E Cermak Rd, Chicago, IL 60616, United States.<\/p>\n","protected":false},"excerpt":{"rendered":"<p>Conform\u00e9ment aux dispositions des articles 6-III et 19 de la loi n\u00b02004-575 pour la confiance dans l\u2019\u00e9conomie num\u00e9rique, Powens d\u00e9clare que : Le site powens.com est \u00e9dit\u00e9 par la soci\u00e9t\u00e9 Powens, soci\u00e9t\u00e9 par actions simplifi\u00e9e au capital de 38 674,20\u20ac euros, inscrite au Registre du commerce et des soci\u00e9t\u00e9s de Paris sous le num\u00e9ro 749 [&hellip;]<\/p>\n","protected":false},"author":25,"featured_media":0,"parent":0,"menu_order":0,"comment_status":"closed","ping_status":"closed","template":"light-page.php","meta":{"_acf_changed":false,"inline_featured_image":false,"footnotes":""},"class_list":["post-2376","page","type-page","status-publish","hentry"],"acf":[],"yoast_head":"<!-- This site is optimized with the Yoast SEO Premium plugin v27.2 (Yoast SEO v27.2) - https:\/\/yoast.com\/product\/yoast-seo-premium-wordpress\/ -->\n<title>Mentions l\u00e9gales - Powens<\/title>\n<meta name=\"robots\" content=\"index, follow, max-snippet:-1, max-image-preview:large, max-video-preview:-1\" \/>\n<link rel=\"canonical\" href=\"https:\/\/www.powens.com\/fr\/mentions-legales\/\" \/>\n<meta property=\"og:locale\" content=\"fr_FR\" \/>\n<meta property=\"og:type\" content=\"article\" \/>\n<meta property=\"og:title\" content=\"Mentions l\u00e9gales\" \/>\n<meta property=\"og:description\" content=\"Conform\u00e9ment aux dispositions des articles 6-III et 19 de la loi n\u00b02004-575 pour la confiance dans l\u2019\u00e9conomie num\u00e9rique, Powens d\u00e9clare que : Le site powens.com est \u00e9dit\u00e9 par la soci\u00e9t\u00e9 Powens, soci\u00e9t\u00e9 par actions simplifi\u00e9e au capital de 38 674,20\u20ac euros, inscrite au Registre du commerce et des soci\u00e9t\u00e9s de Paris sous le num\u00e9ro 749 [&hellip;]\" \/>\n<meta property=\"og:url\" content=\"https:\/\/www.powens.com\/fr\/mentions-legales\/\" \/>\n<meta property=\"og:site_name\" content=\"Powens\" \/>\n<meta property=\"article:modified_time\" content=\"2026-01-30T15:42:26+00:00\" \/>\n<meta name=\"twitter:card\" content=\"summary_large_image\" \/>\n<meta name=\"twitter:site\" content=\"@Powens_eu\" \/>\n<meta name=\"twitter:label1\" content=\"Dur\u00e9e de lecture estim\u00e9e\" \/>\n\t<meta name=\"twitter:data1\" content=\"1 minute\" \/>\n<script type=\"application\/ld+json\" class=\"yoast-schema-graph\">{\"@context\":\"https:\/\/schema.org\",\"@graph\":[{\"@type\":\"WebPage\",\"@id\":\"https:\/\/www.powens.com\/fr\/mentions-legales\/\",\"url\":\"https:\/\/www.powens.com\/fr\/mentions-legales\/\",\"name\":\"Mentions l\u00e9gales - Powens\",\"isPartOf\":{\"@id\":\"https:\/\/www.powens.com\/fr\/#website\"},\"datePublished\":\"2022-10-10T13:40:17+00:00\",\"dateModified\":\"2026-01-30T15:42:26+00:00\",\"breadcrumb\":{\"@id\":\"https:\/\/www.powens.com\/fr\/mentions-legales\/#breadcrumb\"},\"inLanguage\":\"fr-FR\",\"potentialAction\":[{\"@type\":\"ReadAction\",\"target\":[\"https:\/\/www.powens.com\/fr\/mentions-legales\/\"]}]},{\"@type\":\"BreadcrumbList\",\"@id\":\"https:\/\/www.powens.com\/fr\/mentions-legales\/#breadcrumb\",\"itemListElement\":[{\"@type\":\"ListItem\",\"position\":1,\"name\":\"Home\",\"item\":\"https:\/\/www.powens.com\/fr\/\"},{\"@type\":\"ListItem\",\"position\":2,\"name\":\"Mentions l\u00e9gales\"}]},{\"@type\":\"WebSite\",\"@id\":\"https:\/\/www.powens.com\/fr\/#website\",\"url\":\"https:\/\/www.powens.com\/fr\/\",\"name\":\"Powens\",\"description\":\"Where Open Finance Meets Embedded Banking\",\"publisher\":{\"@id\":\"https:\/\/www.powens.com\/fr\/#organization\"},\"potentialAction\":[{\"@type\":\"SearchAction\",\"target\":{\"@type\":\"EntryPoint\",\"urlTemplate\":\"https:\/\/www.powens.com\/fr\/?s={search_term_string}\"},\"query-input\":{\"@type\":\"PropertyValueSpecification\",\"valueRequired\":true,\"valueName\":\"search_term_string\"}}],\"inLanguage\":\"fr-FR\"},{\"@type\":\"Organization\",\"@id\":\"https:\/\/www.powens.com\/fr\/#organization\",\"name\":\"Powens\",\"url\":\"https:\/\/www.powens.com\/fr\/\",\"logo\":{\"@type\":\"ImageObject\",\"inLanguage\":\"fr-FR\",\"@id\":\"https:\/\/www.powens.com\/fr\/#\/schema\/logo\/image\/\",\"url\":\"https:\/\/www.powens.com\/wp-content\/uploads\/2022\/10\/Temporary_powens_logo_Gradient.svg\",\"contentUrl\":\"https:\/\/www.powens.com\/wp-content\/uploads\/2022\/10\/Temporary_powens_logo_Gradient.svg\",\"width\":1,\"height\":1,\"caption\":\"Powens\"},\"image\":{\"@id\":\"https:\/\/www.powens.com\/fr\/#\/schema\/logo\/image\/\"},\"sameAs\":[\"https:\/\/x.com\/Powens_eu\",\"https:\/\/www.linkedin.com\/company\/powens\/\"]}]}<\/script>\n<!-- \/ Yoast SEO Premium plugin. -->","yoast_head_json":{"title":"Mentions l\u00e9gales - Powens","robots":{"index":"index","follow":"follow","max-snippet":"max-snippet:-1","max-image-preview":"max-image-preview:large","max-video-preview":"max-video-preview:-1"},"canonical":"https:\/\/www.powens.com\/fr\/mentions-legales\/","og_locale":"fr_FR","og_type":"article","og_title":"Mentions l\u00e9gales","og_description":"Conform\u00e9ment aux dispositions des articles 6-III et 19 de la loi n\u00b02004-575 pour la confiance dans l\u2019\u00e9conomie num\u00e9rique, Powens d\u00e9clare que : Le site powens.com est \u00e9dit\u00e9 par la soci\u00e9t\u00e9 Powens, soci\u00e9t\u00e9 par actions simplifi\u00e9e au capital de 38 674,20\u20ac euros, inscrite au Registre du commerce et des soci\u00e9t\u00e9s de Paris sous le num\u00e9ro 749 [&hellip;]","og_url":"https:\/\/www.powens.com\/fr\/mentions-legales\/","og_site_name":"Powens","article_modified_time":"2026-01-30T15:42:26+00:00","twitter_card":"summary_large_image","twitter_site":"@Powens_eu","twitter_misc":{"Dur\u00e9e de lecture estim\u00e9e":"1 minute"},"schema":{"@context":"https:\/\/schema.org","@graph":[{"@type":"WebPage","@id":"https:\/\/www.powens.com\/fr\/mentions-legales\/","url":"https:\/\/www.powens.com\/fr\/mentions-legales\/","name":"Mentions l\u00e9gales - Powens","isPartOf":{"@id":"https:\/\/www.powens.com\/fr\/#website"},"datePublished":"2022-10-10T13:40:17+00:00","dateModified":"2026-01-30T15:42:26+00:00","breadcrumb":{"@id":"https:\/\/www.powens.com\/fr\/mentions-legales\/#breadcrumb"},"inLanguage":"fr-FR","potentialAction":[{"@type":"ReadAction","target":["https:\/\/www.powens.com\/fr\/mentions-legales\/"]}]},{"@type":"BreadcrumbList","@id":"https:\/\/www.powens.com\/fr\/mentions-legales\/#breadcrumb","itemListElement":[{"@type":"ListItem","position":1,"name":"Home","item":"https:\/\/www.powens.com\/fr\/"},{"@type":"ListItem","position":2,"name":"Mentions l\u00e9gales"}]},{"@type":"WebSite","@id":"https:\/\/www.powens.com\/fr\/#website","url":"https:\/\/www.powens.com\/fr\/","name":"Powens","description":"Where Open Finance Meets Embedded Banking","publisher":{"@id":"https:\/\/www.powens.com\/fr\/#organization"},"potentialAction":[{"@type":"SearchAction","target":{"@type":"EntryPoint","urlTemplate":"https:\/\/www.powens.com\/fr\/?s={search_term_string}"},"query-input":{"@type":"PropertyValueSpecification","valueRequired":true,"valueName":"search_term_string"}}],"inLanguage":"fr-FR"},{"@type":"Organization","@id":"https:\/\/www.powens.com\/fr\/#organization","name":"Powens","url":"https:\/\/www.powens.com\/fr\/","logo":{"@type":"ImageObject","inLanguage":"fr-FR","@id":"https:\/\/www.powens.com\/fr\/#\/schema\/logo\/image\/","url":"https:\/\/www.powens.com\/wp-content\/uploads\/2022\/10\/Temporary_powens_logo_Gradient.svg","contentUrl":"https:\/\/www.powens.com\/wp-content\/uploads\/2022\/10\/Temporary_powens_logo_Gradient.svg","width":1,"height":1,"caption":"Powens"},"image":{"@id":"https:\/\/www.powens.com\/fr\/#\/schema\/logo\/image\/"},"sameAs":["https:\/\/x.com\/Powens_eu","https:\/\/www.linkedin.com\/company\/powens\/"]}]}},"_links":{"self":[{"href":"https:\/\/www.powens.com\/fr\/wp-json\/wp\/v2\/pages\/2376","targetHints":{"allow":["GET"]}}],"collection":[{"href":"https:\/\/www.powens.com\/fr\/wp-json\/wp\/v2\/pages"}],"about":[{"href":"https:\/\/www.powens.com\/fr\/wp-json\/wp\/v2\/types\/page"}],"author":[{"embeddable":true,"href":"https:\/\/www.powens.com\/fr\/wp-json\/wp\/v2\/users\/25"}],"replies":[{"embeddable":true,"href":"https:\/\/www.powens.com\/fr\/wp-json\/wp\/v2\/comments?post=2376"}],"version-history":[{"count":2,"href":"https:\/\/www.powens.com\/fr\/wp-json\/wp\/v2\/pages\/2376\/revisions"}],"predecessor-version":[{"id":21964,"href":"https:\/\/www.powens.com\/fr\/wp-json\/wp\/v2\/pages\/2376\/revisions\/21964"}],"wp:attachment":[{"href":"https:\/\/www.powens.com\/fr\/wp-json\/wp\/v2\/media?parent=2376"}],"curies":[{"name":"wp","href":"https:\/\/api.w.org\/{rel}","templated":true}]}}