{"id":2544,"date":"2022-09-22T23:42:00","date_gmt":"2022-09-22T21:42:00","guid":{"rendered":"https:\/\/www.powens.com\/check\/"},"modified":"2024-11-22T15:20:43","modified_gmt":"2024-11-22T14:20:43","slug":"account-check","status":"publish","type":"page","link":"https:\/\/www.powens.com\/fr\/produits\/account-check\/","title":{"rendered":"Account Check"},"content":{"rendered":"","protected":false},"excerpt":{"rendered":"","protected":false},"author":25,"featured_media":0,"parent":7964,"menu_order":0,"comment_status":"closed","ping_status":"closed","template":"","meta":{"_acf_changed":false,"inline_featured_image":false,"footnotes":""},"class_list":["post-2544","page","type-page","status-publish","hentry"],"acf":[],"yoast_head":"<!-- This site is optimized with the Yoast SEO Premium plugin v27.2 (Yoast SEO v27.2) - https:\/\/yoast.com\/product\/yoast-seo-premium-wordpress\/ -->\n<title>Account Check - Powens<\/title>\n<meta name=\"description\" content=\"Am\u00e9liorez l&#039;accueil des clients et l&#039;exp\u00e9rience de paiement gr\u00e2ce \u00e0 une v\u00e9rification bas\u00e9e sur API de la propri\u00e9t\u00e9 du compte bancaire.\" \/>\n<meta name=\"robots\" content=\"index, follow, max-snippet:-1, max-image-preview:large, max-video-preview:-1\" \/>\n<link rel=\"canonical\" href=\"https:\/\/www.powens.com\/fr\/produits\/account-check\/\" \/>\n<meta property=\"og:locale\" content=\"fr_FR\" \/>\n<meta property=\"og:type\" content=\"article\" \/>\n<meta property=\"og:title\" content=\"Account Check\" \/>\n<meta property=\"og:description\" content=\"Am\u00e9liorez l&#039;accueil des clients et l&#039;exp\u00e9rience de paiement gr\u00e2ce \u00e0 une v\u00e9rification bas\u00e9e sur API de la propri\u00e9t\u00e9 du compte bancaire.\" \/>\n<meta property=\"og:url\" content=\"https:\/\/www.powens.com\/fr\/produits\/account-check\/\" \/>\n<meta property=\"og:site_name\" content=\"Powens\" \/>\n<meta property=\"article:modified_time\" content=\"2024-11-22T14:20:43+00:00\" \/>\n<meta property=\"og:image\" content=\"https:\/\/www.powens.com\/wp-content\/uploads\/2024\/04\/Product-Account-Check-1.jpg\" \/>\n\t<meta property=\"og:image:width\" content=\"5752\" \/>\n\t<meta property=\"og:image:height\" content=\"3770\" \/>\n\t<meta property=\"og:image:type\" content=\"image\/jpeg\" \/>\n<meta name=\"twitter:card\" content=\"summary_large_image\" \/>\n<meta name=\"twitter:title\" content=\"Account Check\" \/>\n<meta name=\"twitter:site\" content=\"@Powens_eu\" \/>\n<meta name=\"twitter:label1\" content=\"Dur\u00e9e de lecture estim\u00e9e\" \/>\n\t<meta name=\"twitter:data1\" content=\"7 minutes\" \/>\n<script type=\"application\/ld+json\" class=\"yoast-schema-graph\">{\"@context\":\"https:\/\/schema.org\",\"@graph\":[{\"@type\":\"WebPage\",\"@id\":\"https:\/\/www.powens.com\/fr\/produits\/account-check\/\",\"url\":\"https:\/\/www.powens.com\/fr\/produits\/account-check\/\",\"name\":\"Account Check - Powens\",\"isPartOf\":{\"@id\":\"https:\/\/www.powens.com\/fr\/#website\"},\"datePublished\":\"2022-09-22T21:42:00+00:00\",\"dateModified\":\"2024-11-22T14:20:43+00:00\",\"description\":\"Am\u00e9liorez l'accueil des clients et l'exp\u00e9rience de paiement gr\u00e2ce \u00e0 une v\u00e9rification bas\u00e9e sur API de la propri\u00e9t\u00e9 du compte bancaire.\",\"breadcrumb\":{\"@id\":\"https:\/\/www.powens.com\/fr\/produits\/account-check\/#breadcrumb\"},\"inLanguage\":\"fr-FR\",\"potentialAction\":[{\"@type\":\"ReadAction\",\"target\":[\"https:\/\/www.powens.com\/fr\/produits\/account-check\/\"]}]},{\"@type\":\"BreadcrumbList\",\"@id\":\"https:\/\/www.powens.com\/fr\/produits\/account-check\/#breadcrumb\",\"itemListElement\":[{\"@type\":\"ListItem\",\"position\":1,\"name\":\"Home\",\"item\":\"https:\/\/www.powens.com\/fr\/\"},{\"@type\":\"ListItem\",\"position\":2,\"name\":\"Produits\",\"item\":\"https:\/\/www.powens.com\/fr\/produits\/\"},{\"@type\":\"ListItem\",\"position\":3,\"name\":\"Account Check\"}]},{\"@type\":\"WebSite\",\"@id\":\"https:\/\/www.powens.com\/fr\/#website\",\"url\":\"https:\/\/www.powens.com\/fr\/\",\"name\":\"Powens\",\"description\":\"Where Open Finance Meets Embedded Banking\",\"publisher\":{\"@id\":\"https:\/\/www.powens.com\/fr\/#organization\"},\"potentialAction\":[{\"@type\":\"SearchAction\",\"target\":{\"@type\":\"EntryPoint\",\"urlTemplate\":\"https:\/\/www.powens.com\/fr\/?s={search_term_string}\"},\"query-input\":{\"@type\":\"PropertyValueSpecification\",\"valueRequired\":true,\"valueName\":\"search_term_string\"}}],\"inLanguage\":\"fr-FR\"},{\"@type\":\"Organization\",\"@id\":\"https:\/\/www.powens.com\/fr\/#organization\",\"name\":\"Powens\",\"url\":\"https:\/\/www.powens.com\/fr\/\",\"logo\":{\"@type\":\"ImageObject\",\"inLanguage\":\"fr-FR\",\"@id\":\"https:\/\/www.powens.com\/fr\/#\/schema\/logo\/image\/\",\"url\":\"https:\/\/www.powens.com\/wp-content\/uploads\/2022\/10\/Temporary_powens_logo_Gradient.svg\",\"contentUrl\":\"https:\/\/www.powens.com\/wp-content\/uploads\/2022\/10\/Temporary_powens_logo_Gradient.svg\",\"width\":1,\"height\":1,\"caption\":\"Powens\"},\"image\":{\"@id\":\"https:\/\/www.powens.com\/fr\/#\/schema\/logo\/image\/\"},\"sameAs\":[\"https:\/\/x.com\/Powens_eu\",\"https:\/\/www.linkedin.com\/company\/powens\/\"]}]}<\/script>\n<!-- \/ Yoast SEO Premium plugin. -->","yoast_head_json":{"title":"Account Check - Powens","description":"Am\u00e9liorez l'accueil des clients et l'exp\u00e9rience de paiement gr\u00e2ce \u00e0 une v\u00e9rification bas\u00e9e sur API de la propri\u00e9t\u00e9 du compte bancaire.","robots":{"index":"index","follow":"follow","max-snippet":"max-snippet:-1","max-image-preview":"max-image-preview:large","max-video-preview":"max-video-preview:-1"},"canonical":"https:\/\/www.powens.com\/fr\/produits\/account-check\/","og_locale":"fr_FR","og_type":"article","og_title":"Account Check","og_description":"Am\u00e9liorez l'accueil des clients et l'exp\u00e9rience de paiement gr\u00e2ce \u00e0 une v\u00e9rification bas\u00e9e sur API de la propri\u00e9t\u00e9 du compte bancaire.","og_url":"https:\/\/www.powens.com\/fr\/produits\/account-check\/","og_site_name":"Powens","article_modified_time":"2024-11-22T14:20:43+00:00","og_image":[{"width":5752,"height":3770,"url":"https:\/\/www.powens.com\/wp-content\/uploads\/2024\/04\/Product-Account-Check-1.jpg","type":"image\/jpeg"}],"twitter_card":"summary_large_image","twitter_title":"Account Check","twitter_site":"@Powens_eu","twitter_misc":{"Dur\u00e9e de lecture estim\u00e9e":"7 minutes"},"schema":{"@context":"https:\/\/schema.org","@graph":[{"@type":"WebPage","@id":"https:\/\/www.powens.com\/fr\/produits\/account-check\/","url":"https:\/\/www.powens.com\/fr\/produits\/account-check\/","name":"Account Check - Powens","isPartOf":{"@id":"https:\/\/www.powens.com\/fr\/#website"},"datePublished":"2022-09-22T21:42:00+00:00","dateModified":"2024-11-22T14:20:43+00:00","description":"Am\u00e9liorez l'accueil des clients et l'exp\u00e9rience de paiement gr\u00e2ce \u00e0 une v\u00e9rification bas\u00e9e sur API de la propri\u00e9t\u00e9 du compte bancaire.","breadcrumb":{"@id":"https:\/\/www.powens.com\/fr\/produits\/account-check\/#breadcrumb"},"inLanguage":"fr-FR","potentialAction":[{"@type":"ReadAction","target":["https:\/\/www.powens.com\/fr\/produits\/account-check\/"]}]},{"@type":"BreadcrumbList","@id":"https:\/\/www.powens.com\/fr\/produits\/account-check\/#breadcrumb","itemListElement":[{"@type":"ListItem","position":1,"name":"Home","item":"https:\/\/www.powens.com\/fr\/"},{"@type":"ListItem","position":2,"name":"Produits","item":"https:\/\/www.powens.com\/fr\/produits\/"},{"@type":"ListItem","position":3,"name":"Account Check"}]},{"@type":"WebSite","@id":"https:\/\/www.powens.com\/fr\/#website","url":"https:\/\/www.powens.com\/fr\/","name":"Powens","description":"Where Open Finance Meets Embedded Banking","publisher":{"@id":"https:\/\/www.powens.com\/fr\/#organization"},"potentialAction":[{"@type":"SearchAction","target":{"@type":"EntryPoint","urlTemplate":"https:\/\/www.powens.com\/fr\/?s={search_term_string}"},"query-input":{"@type":"PropertyValueSpecification","valueRequired":true,"valueName":"search_term_string"}}],"inLanguage":"fr-FR"},{"@type":"Organization","@id":"https:\/\/www.powens.com\/fr\/#organization","name":"Powens","url":"https:\/\/www.powens.com\/fr\/","logo":{"@type":"ImageObject","inLanguage":"fr-FR","@id":"https:\/\/www.powens.com\/fr\/#\/schema\/logo\/image\/","url":"https:\/\/www.powens.com\/wp-content\/uploads\/2022\/10\/Temporary_powens_logo_Gradient.svg","contentUrl":"https:\/\/www.powens.com\/wp-content\/uploads\/2022\/10\/Temporary_powens_logo_Gradient.svg","width":1,"height":1,"caption":"Powens"},"image":{"@id":"https:\/\/www.powens.com\/fr\/#\/schema\/logo\/image\/"},"sameAs":["https:\/\/x.com\/Powens_eu","https:\/\/www.linkedin.com\/company\/powens\/"]}]}},"_links":{"self":[{"href":"https:\/\/www.powens.com\/fr\/wp-json\/wp\/v2\/pages\/2544","targetHints":{"allow":["GET"]}}],"collection":[{"href":"https:\/\/www.powens.com\/fr\/wp-json\/wp\/v2\/pages"}],"about":[{"href":"https:\/\/www.powens.com\/fr\/wp-json\/wp\/v2\/types\/page"}],"author":[{"embeddable":true,"href":"https:\/\/www.powens.com\/fr\/wp-json\/wp\/v2\/users\/25"}],"replies":[{"embeddable":true,"href":"https:\/\/www.powens.com\/fr\/wp-json\/wp\/v2\/comments?post=2544"}],"version-history":[{"count":2,"href":"https:\/\/www.powens.com\/fr\/wp-json\/wp\/v2\/pages\/2544\/revisions"}],"predecessor-version":[{"id":21093,"href":"https:\/\/www.powens.com\/fr\/wp-json\/wp\/v2\/pages\/2544\/revisions\/21093"}],"up":[{"embeddable":true,"href":"https:\/\/www.powens.com\/fr\/wp-json\/wp\/v2\/pages\/7964"}],"wp:attachment":[{"href":"https:\/\/www.powens.com\/fr\/wp-json\/wp\/v2\/media?parent=2544"}],"curies":[{"name":"wp","href":"https:\/\/api.w.org\/{rel}","templated":true}]}}