{"id":4488,"date":"2022-09-23T01:14:33","date_gmt":"2022-09-22T23:14:33","guid":{"rendered":"https:\/\/www.powens.com\/par-industrie\/banking-wealth\/"},"modified":"2024-09-18T16:44:20","modified_gmt":"2024-09-18T14:44:20","slug":"banque","status":"publish","type":"page","link":"https:\/\/www.powens.com\/fr\/solutions\/par-industrie\/banque\/","title":{"rendered":"Banque"},"content":{"rendered":"","protected":false},"excerpt":{"rendered":"","protected":false},"author":25,"featured_media":0,"parent":2297,"menu_order":0,"comment_status":"closed","ping_status":"closed","template":"","meta":{"_acf_changed":false,"inline_featured_image":false,"footnotes":""},"class_list":["post-4488","page","type-page","status-publish","hentry"],"acf":[],"yoast_head":"<!-- This site is optimized with the Yoast SEO Premium plugin v27.2 (Yoast SEO v27.2) - https:\/\/yoast.com\/product\/yoast-seo-premium-wordpress\/ -->\n<title>Banque - Powens<\/title>\n<meta name=\"description\" content=\"Cr\u00e9ez de meilleurs parcours digitaux pour vos clients et stimulez leur engagement, gr\u00e2ce \u00e0 des applications bancaires et de paiement qui vous distinguent.\" \/>\n<meta name=\"robots\" content=\"index, follow, max-snippet:-1, max-image-preview:large, max-video-preview:-1\" \/>\n<link rel=\"canonical\" href=\"https:\/\/www.powens.com\/fr\/solutions\/par-industrie\/banque\/\" \/>\n<meta property=\"og:locale\" content=\"fr_FR\" \/>\n<meta property=\"og:type\" content=\"article\" \/>\n<meta property=\"og:title\" content=\"Banque\" \/>\n<meta property=\"og:description\" content=\"Cr\u00e9ez de meilleurs parcours digitaux pour vos clients et stimulez leur engagement, gr\u00e2ce \u00e0 des applications bancaires et de paiement qui vous distinguent.\" \/>\n<meta property=\"og:url\" content=\"https:\/\/www.powens.com\/fr\/solutions\/par-industrie\/banque\/\" \/>\n<meta property=\"og:site_name\" content=\"Powens\" \/>\n<meta property=\"article:modified_time\" content=\"2024-09-18T14:44:20+00:00\" \/>\n<meta name=\"twitter:card\" content=\"summary_large_image\" \/>\n<meta name=\"twitter:site\" content=\"@Powens_eu\" \/>\n<meta name=\"twitter:label1\" content=\"Dur\u00e9e de lecture estim\u00e9e\" \/>\n\t<meta name=\"twitter:data1\" content=\"6 minutes\" \/>\n<script type=\"application\/ld+json\" class=\"yoast-schema-graph\">{\"@context\":\"https:\/\/schema.org\",\"@graph\":[{\"@type\":\"WebPage\",\"@id\":\"https:\/\/www.powens.com\/fr\/solutions\/par-industrie\/banque\/\",\"url\":\"https:\/\/www.powens.com\/fr\/solutions\/par-industrie\/banque\/\",\"name\":\"Banque - Powens\",\"isPartOf\":{\"@id\":\"https:\/\/www.powens.com\/fr\/#website\"},\"datePublished\":\"2022-09-22T23:14:33+00:00\",\"dateModified\":\"2024-09-18T14:44:20+00:00\",\"description\":\"Cr\u00e9ez de meilleurs parcours digitaux pour vos clients et stimulez leur engagement, gr\u00e2ce \u00e0 des applications bancaires et de paiement qui vous distinguent.\",\"breadcrumb\":{\"@id\":\"https:\/\/www.powens.com\/fr\/solutions\/par-industrie\/banque\/#breadcrumb\"},\"inLanguage\":\"fr-FR\",\"potentialAction\":[{\"@type\":\"ReadAction\",\"target\":[\"https:\/\/www.powens.com\/fr\/solutions\/par-industrie\/banque\/\"]}]},{\"@type\":\"BreadcrumbList\",\"@id\":\"https:\/\/www.powens.com\/fr\/solutions\/par-industrie\/banque\/#breadcrumb\",\"itemListElement\":[{\"@type\":\"ListItem\",\"position\":1,\"name\":\"Home\",\"item\":\"https:\/\/www.powens.com\/fr\/\"},{\"@type\":\"ListItem\",\"position\":2,\"name\":\"Solutions\",\"item\":\"https:\/\/www.powens.com\/fr\/solutions\/\"},{\"@type\":\"ListItem\",\"position\":3,\"name\":\"Par industrie\",\"item\":\"https:\/\/www.powens.com\/fr\/solutions\/par-industrie\/\"},{\"@type\":\"ListItem\",\"position\":4,\"name\":\"Banque\"}]},{\"@type\":\"WebSite\",\"@id\":\"https:\/\/www.powens.com\/fr\/#website\",\"url\":\"https:\/\/www.powens.com\/fr\/\",\"name\":\"Powens\",\"description\":\"Where Open Finance Meets Embedded Banking\",\"publisher\":{\"@id\":\"https:\/\/www.powens.com\/fr\/#organization\"},\"potentialAction\":[{\"@type\":\"SearchAction\",\"target\":{\"@type\":\"EntryPoint\",\"urlTemplate\":\"https:\/\/www.powens.com\/fr\/?s={search_term_string}\"},\"query-input\":{\"@type\":\"PropertyValueSpecification\",\"valueRequired\":true,\"valueName\":\"search_term_string\"}}],\"inLanguage\":\"fr-FR\"},{\"@type\":\"Organization\",\"@id\":\"https:\/\/www.powens.com\/fr\/#organization\",\"name\":\"Powens\",\"url\":\"https:\/\/www.powens.com\/fr\/\",\"logo\":{\"@type\":\"ImageObject\",\"inLanguage\":\"fr-FR\",\"@id\":\"https:\/\/www.powens.com\/fr\/#\/schema\/logo\/image\/\",\"url\":\"https:\/\/www.powens.com\/wp-content\/uploads\/2022\/10\/Temporary_powens_logo_Gradient.svg\",\"contentUrl\":\"https:\/\/www.powens.com\/wp-content\/uploads\/2022\/10\/Temporary_powens_logo_Gradient.svg\",\"width\":1,\"height\":1,\"caption\":\"Powens\"},\"image\":{\"@id\":\"https:\/\/www.powens.com\/fr\/#\/schema\/logo\/image\/\"},\"sameAs\":[\"https:\/\/x.com\/Powens_eu\",\"https:\/\/www.linkedin.com\/company\/powens\/\"]}]}<\/script>\n<!-- \/ Yoast SEO Premium plugin. -->","yoast_head_json":{"title":"Banque - Powens","description":"Cr\u00e9ez de meilleurs parcours digitaux pour vos clients et stimulez leur engagement, gr\u00e2ce \u00e0 des applications bancaires et de paiement qui vous distinguent.","robots":{"index":"index","follow":"follow","max-snippet":"max-snippet:-1","max-image-preview":"max-image-preview:large","max-video-preview":"max-video-preview:-1"},"canonical":"https:\/\/www.powens.com\/fr\/solutions\/par-industrie\/banque\/","og_locale":"fr_FR","og_type":"article","og_title":"Banque","og_description":"Cr\u00e9ez de meilleurs parcours digitaux pour vos clients et stimulez leur engagement, gr\u00e2ce \u00e0 des applications bancaires et de paiement qui vous distinguent.","og_url":"https:\/\/www.powens.com\/fr\/solutions\/par-industrie\/banque\/","og_site_name":"Powens","article_modified_time":"2024-09-18T14:44:20+00:00","twitter_card":"summary_large_image","twitter_site":"@Powens_eu","twitter_misc":{"Dur\u00e9e de lecture estim\u00e9e":"6 minutes"},"schema":{"@context":"https:\/\/schema.org","@graph":[{"@type":"WebPage","@id":"https:\/\/www.powens.com\/fr\/solutions\/par-industrie\/banque\/","url":"https:\/\/www.powens.com\/fr\/solutions\/par-industrie\/banque\/","name":"Banque - Powens","isPartOf":{"@id":"https:\/\/www.powens.com\/fr\/#website"},"datePublished":"2022-09-22T23:14:33+00:00","dateModified":"2024-09-18T14:44:20+00:00","description":"Cr\u00e9ez de meilleurs parcours digitaux pour vos clients et stimulez leur engagement, gr\u00e2ce \u00e0 des applications bancaires et de paiement qui vous distinguent.","breadcrumb":{"@id":"https:\/\/www.powens.com\/fr\/solutions\/par-industrie\/banque\/#breadcrumb"},"inLanguage":"fr-FR","potentialAction":[{"@type":"ReadAction","target":["https:\/\/www.powens.com\/fr\/solutions\/par-industrie\/banque\/"]}]},{"@type":"BreadcrumbList","@id":"https:\/\/www.powens.com\/fr\/solutions\/par-industrie\/banque\/#breadcrumb","itemListElement":[{"@type":"ListItem","position":1,"name":"Home","item":"https:\/\/www.powens.com\/fr\/"},{"@type":"ListItem","position":2,"name":"Solutions","item":"https:\/\/www.powens.com\/fr\/solutions\/"},{"@type":"ListItem","position":3,"name":"Par industrie","item":"https:\/\/www.powens.com\/fr\/solutions\/par-industrie\/"},{"@type":"ListItem","position":4,"name":"Banque"}]},{"@type":"WebSite","@id":"https:\/\/www.powens.com\/fr\/#website","url":"https:\/\/www.powens.com\/fr\/","name":"Powens","description":"Where Open Finance Meets Embedded Banking","publisher":{"@id":"https:\/\/www.powens.com\/fr\/#organization"},"potentialAction":[{"@type":"SearchAction","target":{"@type":"EntryPoint","urlTemplate":"https:\/\/www.powens.com\/fr\/?s={search_term_string}"},"query-input":{"@type":"PropertyValueSpecification","valueRequired":true,"valueName":"search_term_string"}}],"inLanguage":"fr-FR"},{"@type":"Organization","@id":"https:\/\/www.powens.com\/fr\/#organization","name":"Powens","url":"https:\/\/www.powens.com\/fr\/","logo":{"@type":"ImageObject","inLanguage":"fr-FR","@id":"https:\/\/www.powens.com\/fr\/#\/schema\/logo\/image\/","url":"https:\/\/www.powens.com\/wp-content\/uploads\/2022\/10\/Temporary_powens_logo_Gradient.svg","contentUrl":"https:\/\/www.powens.com\/wp-content\/uploads\/2022\/10\/Temporary_powens_logo_Gradient.svg","width":1,"height":1,"caption":"Powens"},"image":{"@id":"https:\/\/www.powens.com\/fr\/#\/schema\/logo\/image\/"},"sameAs":["https:\/\/x.com\/Powens_eu","https:\/\/www.linkedin.com\/company\/powens\/"]}]}},"_links":{"self":[{"href":"https:\/\/www.powens.com\/fr\/wp-json\/wp\/v2\/pages\/4488","targetHints":{"allow":["GET"]}}],"collection":[{"href":"https:\/\/www.powens.com\/fr\/wp-json\/wp\/v2\/pages"}],"about":[{"href":"https:\/\/www.powens.com\/fr\/wp-json\/wp\/v2\/types\/page"}],"author":[{"embeddable":true,"href":"https:\/\/www.powens.com\/fr\/wp-json\/wp\/v2\/users\/25"}],"replies":[{"embeddable":true,"href":"https:\/\/www.powens.com\/fr\/wp-json\/wp\/v2\/comments?post=4488"}],"version-history":[{"count":0,"href":"https:\/\/www.powens.com\/fr\/wp-json\/wp\/v2\/pages\/4488\/revisions"}],"up":[{"embeddable":true,"href":"https:\/\/www.powens.com\/fr\/wp-json\/wp\/v2\/pages\/2297"}],"wp:attachment":[{"href":"https:\/\/www.powens.com\/fr\/wp-json\/wp\/v2\/media?parent=4488"}],"curies":[{"name":"wp","href":"https:\/\/api.w.org\/{rel}","templated":true}]}}