{"id":7925,"date":"2022-09-15T17:27:52","date_gmt":"2022-09-15T15:27:52","guid":{"rendered":"https:\/\/www.powens.com\/solutions\/"},"modified":"2022-12-28T09:54:10","modified_gmt":"2022-12-28T08:54:10","slug":"solutions","status":"publish","type":"page","link":"https:\/\/www.powens.com\/fr\/solutions\/","title":{"rendered":"Solutions"},"content":{"rendered":"","protected":false},"excerpt":{"rendered":"","protected":false},"author":25,"featured_media":0,"parent":0,"menu_order":0,"comment_status":"closed","ping_status":"closed","template":"","meta":{"_acf_changed":false,"inline_featured_image":false,"footnotes":""},"class_list":["post-7925","page","type-page","status-publish","hentry"],"acf":[],"yoast_head":"<!-- This site is optimized with the Yoast SEO Premium plugin v27.2 (Yoast SEO v27.2) - https:\/\/yoast.com\/product\/yoast-seo-premium-wordpress\/ -->\n<title>Solutions - Powens<\/title>\n<meta name=\"description\" content=\"D\u00e9veloppez sans complexit\u00e9 des services financiers et des exp\u00e9riences de paiement. Explorez nos cas d\u2019usage pour un \u00e9cosyst\u00e8me Open Finance connect\u00e9\" \/>\n<meta name=\"robots\" content=\"index, follow, max-snippet:-1, max-image-preview:large, max-video-preview:-1\" \/>\n<link rel=\"canonical\" href=\"https:\/\/www.powens.com\/fr\/solutions\/\" \/>\n<meta property=\"og:locale\" content=\"fr_FR\" \/>\n<meta property=\"og:type\" content=\"article\" \/>\n<meta property=\"og:title\" content=\"Solutions\" \/>\n<meta property=\"og:description\" content=\"D\u00e9veloppez sans complexit\u00e9 des services financiers et des exp\u00e9riences de paiement. Explorez nos cas d\u2019usage pour un \u00e9cosyst\u00e8me Open Finance connect\u00e9\" \/>\n<meta property=\"og:url\" content=\"https:\/\/www.powens.com\/fr\/solutions\/\" \/>\n<meta property=\"og:site_name\" content=\"Powens\" \/>\n<meta property=\"article:modified_time\" content=\"2022-12-28T08:54:10+00:00\" \/>\n<meta name=\"twitter:card\" content=\"summary_large_image\" \/>\n<meta name=\"twitter:site\" content=\"@Powens_eu\" \/>\n<script type=\"application\/ld+json\" class=\"yoast-schema-graph\">{\"@context\":\"https:\/\/schema.org\",\"@graph\":[{\"@type\":\"WebPage\",\"@id\":\"https:\/\/www.powens.com\/fr\/solutions\/\",\"url\":\"https:\/\/www.powens.com\/fr\/solutions\/\",\"name\":\"Solutions - Powens\",\"isPartOf\":{\"@id\":\"https:\/\/www.powens.com\/fr\/#website\"},\"datePublished\":\"2022-09-15T15:27:52+00:00\",\"dateModified\":\"2022-12-28T08:54:10+00:00\",\"description\":\"D\u00e9veloppez sans complexit\u00e9 des services financiers et des exp\u00e9riences de paiement. Explorez nos cas d\u2019usage pour un \u00e9cosyst\u00e8me Open Finance connect\u00e9\",\"breadcrumb\":{\"@id\":\"https:\/\/www.powens.com\/fr\/solutions\/#breadcrumb\"},\"inLanguage\":\"fr-FR\",\"potentialAction\":[{\"@type\":\"ReadAction\",\"target\":[\"https:\/\/www.powens.com\/fr\/solutions\/\"]}]},{\"@type\":\"BreadcrumbList\",\"@id\":\"https:\/\/www.powens.com\/fr\/solutions\/#breadcrumb\",\"itemListElement\":[{\"@type\":\"ListItem\",\"position\":1,\"name\":\"Home\",\"item\":\"https:\/\/www.powens.com\/fr\/\"},{\"@type\":\"ListItem\",\"position\":2,\"name\":\"Solutions\"}]},{\"@type\":\"WebSite\",\"@id\":\"https:\/\/www.powens.com\/fr\/#website\",\"url\":\"https:\/\/www.powens.com\/fr\/\",\"name\":\"Powens\",\"description\":\"Where Open Finance Meets Embedded Banking\",\"publisher\":{\"@id\":\"https:\/\/www.powens.com\/fr\/#organization\"},\"potentialAction\":[{\"@type\":\"SearchAction\",\"target\":{\"@type\":\"EntryPoint\",\"urlTemplate\":\"https:\/\/www.powens.com\/fr\/?s={search_term_string}\"},\"query-input\":{\"@type\":\"PropertyValueSpecification\",\"valueRequired\":true,\"valueName\":\"search_term_string\"}}],\"inLanguage\":\"fr-FR\"},{\"@type\":\"Organization\",\"@id\":\"https:\/\/www.powens.com\/fr\/#organization\",\"name\":\"Powens\",\"url\":\"https:\/\/www.powens.com\/fr\/\",\"logo\":{\"@type\":\"ImageObject\",\"inLanguage\":\"fr-FR\",\"@id\":\"https:\/\/www.powens.com\/fr\/#\/schema\/logo\/image\/\",\"url\":\"https:\/\/www.powens.com\/wp-content\/uploads\/2022\/10\/Temporary_powens_logo_Gradient.svg\",\"contentUrl\":\"https:\/\/www.powens.com\/wp-content\/uploads\/2022\/10\/Temporary_powens_logo_Gradient.svg\",\"width\":1,\"height\":1,\"caption\":\"Powens\"},\"image\":{\"@id\":\"https:\/\/www.powens.com\/fr\/#\/schema\/logo\/image\/\"},\"sameAs\":[\"https:\/\/x.com\/Powens_eu\",\"https:\/\/www.linkedin.com\/company\/powens\/\"]}]}<\/script>\n<!-- \/ Yoast SEO Premium plugin. -->","yoast_head_json":{"title":"Solutions - Powens","description":"D\u00e9veloppez sans complexit\u00e9 des services financiers et des exp\u00e9riences de paiement. Explorez nos cas d\u2019usage pour un \u00e9cosyst\u00e8me Open Finance connect\u00e9","robots":{"index":"index","follow":"follow","max-snippet":"max-snippet:-1","max-image-preview":"max-image-preview:large","max-video-preview":"max-video-preview:-1"},"canonical":"https:\/\/www.powens.com\/fr\/solutions\/","og_locale":"fr_FR","og_type":"article","og_title":"Solutions","og_description":"D\u00e9veloppez sans complexit\u00e9 des services financiers et des exp\u00e9riences de paiement. Explorez nos cas d\u2019usage pour un \u00e9cosyst\u00e8me Open Finance connect\u00e9","og_url":"https:\/\/www.powens.com\/fr\/solutions\/","og_site_name":"Powens","article_modified_time":"2022-12-28T08:54:10+00:00","twitter_card":"summary_large_image","twitter_site":"@Powens_eu","schema":{"@context":"https:\/\/schema.org","@graph":[{"@type":"WebPage","@id":"https:\/\/www.powens.com\/fr\/solutions\/","url":"https:\/\/www.powens.com\/fr\/solutions\/","name":"Solutions - Powens","isPartOf":{"@id":"https:\/\/www.powens.com\/fr\/#website"},"datePublished":"2022-09-15T15:27:52+00:00","dateModified":"2022-12-28T08:54:10+00:00","description":"D\u00e9veloppez sans complexit\u00e9 des services financiers et des exp\u00e9riences de paiement. Explorez nos cas d\u2019usage pour un \u00e9cosyst\u00e8me Open Finance connect\u00e9","breadcrumb":{"@id":"https:\/\/www.powens.com\/fr\/solutions\/#breadcrumb"},"inLanguage":"fr-FR","potentialAction":[{"@type":"ReadAction","target":["https:\/\/www.powens.com\/fr\/solutions\/"]}]},{"@type":"BreadcrumbList","@id":"https:\/\/www.powens.com\/fr\/solutions\/#breadcrumb","itemListElement":[{"@type":"ListItem","position":1,"name":"Home","item":"https:\/\/www.powens.com\/fr\/"},{"@type":"ListItem","position":2,"name":"Solutions"}]},{"@type":"WebSite","@id":"https:\/\/www.powens.com\/fr\/#website","url":"https:\/\/www.powens.com\/fr\/","name":"Powens","description":"Where Open Finance Meets Embedded Banking","publisher":{"@id":"https:\/\/www.powens.com\/fr\/#organization"},"potentialAction":[{"@type":"SearchAction","target":{"@type":"EntryPoint","urlTemplate":"https:\/\/www.powens.com\/fr\/?s={search_term_string}"},"query-input":{"@type":"PropertyValueSpecification","valueRequired":true,"valueName":"search_term_string"}}],"inLanguage":"fr-FR"},{"@type":"Organization","@id":"https:\/\/www.powens.com\/fr\/#organization","name":"Powens","url":"https:\/\/www.powens.com\/fr\/","logo":{"@type":"ImageObject","inLanguage":"fr-FR","@id":"https:\/\/www.powens.com\/fr\/#\/schema\/logo\/image\/","url":"https:\/\/www.powens.com\/wp-content\/uploads\/2022\/10\/Temporary_powens_logo_Gradient.svg","contentUrl":"https:\/\/www.powens.com\/wp-content\/uploads\/2022\/10\/Temporary_powens_logo_Gradient.svg","width":1,"height":1,"caption":"Powens"},"image":{"@id":"https:\/\/www.powens.com\/fr\/#\/schema\/logo\/image\/"},"sameAs":["https:\/\/x.com\/Powens_eu","https:\/\/www.linkedin.com\/company\/powens\/"]}]}},"_links":{"self":[{"href":"https:\/\/www.powens.com\/fr\/wp-json\/wp\/v2\/pages\/7925","targetHints":{"allow":["GET"]}}],"collection":[{"href":"https:\/\/www.powens.com\/fr\/wp-json\/wp\/v2\/pages"}],"about":[{"href":"https:\/\/www.powens.com\/fr\/wp-json\/wp\/v2\/types\/page"}],"author":[{"embeddable":true,"href":"https:\/\/www.powens.com\/fr\/wp-json\/wp\/v2\/users\/25"}],"replies":[{"embeddable":true,"href":"https:\/\/www.powens.com\/fr\/wp-json\/wp\/v2\/comments?post=7925"}],"version-history":[{"count":0,"href":"https:\/\/www.powens.com\/fr\/wp-json\/wp\/v2\/pages\/7925\/revisions"}],"wp:attachment":[{"href":"https:\/\/www.powens.com\/fr\/wp-json\/wp\/v2\/media?parent=7925"}],"curies":[{"name":"wp","href":"https:\/\/api.w.org\/{rel}","templated":true}]}}